{"id":1486,"date":"2020-10-10T21:50:10","date_gmt":"2020-10-10T21:50:10","guid":{"rendered":"https:\/\/protrainingmodels.fr\/PTM\/?page_id=1486"},"modified":"2022-03-16T16:50:11","modified_gmt":"2022-03-16T16:50:11","slug":"choregraphe-mode","status":"publish","type":"page","link":"https:\/\/protrainingmodels.fr\/PTM\/choregraphe-mode\/","title":{"rendered":"Chor\u00e9graphe mode"},"content":{"rendered":"\t\t<div data-elementor-type=\"wp-page\" data-elementor-id=\"1486\" class=\"elementor elementor-1486\">\n\t\t\t\t\t\t<section class=\"elementor-section elementor-top-section elementor-element elementor-element-7d9704e elementor-section-content-middle elementor-section-boxed elementor-section-height-default elementor-section-height-default\" data-id=\"7d9704e\" data-element_type=\"section\" data-settings=\"{&quot;background_background&quot;:&quot;classic&quot;}\">\n\t\t\t\t\t\t\t<div class=\"elementor-background-overlay\"><\/div>\n\t\t\t\t\t\t\t<div class=\"elementor-container elementor-column-gap-no\">\n\t\t\t\t\t<div class=\"elementor-column elementor-col-100 elementor-top-column elementor-element elementor-element-64e630e\" data-id=\"64e630e\" data-element_type=\"column\">\n\t\t\t<div class=\"elementor-widget-wrap elementor-element-populated\">\n\t\t\t\t\t\t\t<\/div>\n\t\t<\/div>\n\t\t\t\t\t<\/div>\n\t\t<\/section>\n\t\t\t\t<section class=\"elementor-section elementor-top-section elementor-element elementor-element-163a5ea elementor-section-boxed elementor-section-height-default elementor-section-height-default\" data-id=\"163a5ea\" data-element_type=\"section\" data-settings=\"{&quot;background_background&quot;:&quot;classic&quot;}\">\n\t\t\t\t\t\t<div class=\"elementor-container elementor-column-gap-no\">\n\t\t\t\t\t<div class=\"elementor-column elementor-col-50 elementor-top-column elementor-element elementor-element-a1f0031\" data-id=\"a1f0031\" data-element_type=\"column\" data-settings=\"{&quot;background_background&quot;:&quot;classic&quot;}\">\n\t\t\t<div class=\"elementor-widget-wrap elementor-element-populated\">\n\t\t\t\t\t\t<div class=\"elementor-element elementor-element-f676758 elementor-widget elementor-widget-heading\" data-id=\"f676758\" data-element_type=\"widget\" data-widget_type=\"heading.default\">\n\t\t\t\t<div class=\"elementor-widget-container\">\n\t\t\t<h2 class=\"elementor-heading-title elementor-size-default\">Chor\u00e9graphe<\/h2>\t\t<\/div>\n\t\t\t\t<\/div>\n\t\t\t\t<div class=\"elementor-element elementor-element-7e7165e elementor-widget-divider--view-line elementor-widget elementor-widget-divider\" data-id=\"7e7165e\" data-element_type=\"widget\" data-widget_type=\"divider.default\">\n\t\t\t\t<div class=\"elementor-widget-container\">\n\t\t\t\t\t<div class=\"elementor-divider\">\n\t\t\t<span class=\"elementor-divider-separator\">\n\t\t\t\t\t\t<\/span>\n\t\t<\/div>\n\t\t\t\t<\/div>\n\t\t\t\t<\/div>\n\t\t\t\t<div class=\"elementor-element elementor-element-909773e elementor-widget elementor-widget-text-editor\" data-id=\"909773e\" data-element_type=\"widget\" data-widget_type=\"text-editor.default\">\n\t\t\t\t<div class=\"elementor-widget-container\">\n\t\t\t\t\t\t\t<p>Pour tout d\u00e9fil\u00e9 de mode, show en tout genre, il faut une chor\u00e9graphie adapt\u00e9e au parcours qu\u2019effectueront les mannequins ou autres. Ceci en fonction du but, de l\u2019atmosph\u00e8re pr\u00e9vue pour l\u2019\u00e9v\u00e9nement.<br \/>Le Chor\u00e9graphe se doit d\u2019\u00e9tudier le parcours du d\u00e9fil\u00e9 afin de voir et de pr\u00e9ciser ce que les mannequins devront faire \u00e0 un instant pr\u00e9cis sur l\u2019espace de d\u00e9fil\u00e9.<br \/>Connaitre les tonalit\u00e9s de musiques, la danse, sont autant d&rsquo;avantages \u00e0 disposition.<br \/>Tout compte fait, sachez que vous \u00eates au bon endroit pour ce dont vous avez besoin s&rsquo;agissant de chor\u00e9graphie.<\/p>\t\t\t\t\t\t<\/div>\n\t\t\t\t<\/div>\n\t\t\t\t\t<\/div>\n\t\t<\/div>\n\t\t\t\t<div class=\"elementor-column elementor-col-50 elementor-top-column elementor-element elementor-element-3eb6699\" data-id=\"3eb6699\" data-element_type=\"column\" data-settings=\"{&quot;background_background&quot;:&quot;classic&quot;}\">\n\t\t\t<div class=\"elementor-widget-wrap elementor-element-populated\">\n\t\t\t\t\t\t<div class=\"elementor-element elementor-element-7a00e0a elementor-widget elementor-widget-image\" data-id=\"7a00e0a\" data-element_type=\"widget\" data-widget_type=\"image.default\">\n\t\t\t\t<div class=\"elementor-widget-container\">\n\t\t\t\t\t\t\t\t\t\t\t\t\t<img fetchpriority=\"high\" decoding=\"async\" width=\"1024\" height=\"1024\" src=\"https:\/\/protrainingmodels.fr\/PTM\/wp-content\/uploads\/2020\/10\/31-1024x1024.jpg\" class=\"attachment-large size-large wp-image-1436\" alt=\"\" srcset=\"https:\/\/protrainingmodels.fr\/PTM\/wp-content\/uploads\/2020\/10\/31-1024x1024.jpg 1024w, https:\/\/protrainingmodels.fr\/PTM\/wp-content\/uploads\/2020\/10\/31-300x300.jpg 300w, https:\/\/protrainingmodels.fr\/PTM\/wp-content\/uploads\/2020\/10\/31-100x100.jpg 100w, https:\/\/protrainingmodels.fr\/PTM\/wp-content\/uploads\/2020\/10\/31-600x599.jpg 600w, https:\/\/protrainingmodels.fr\/PTM\/wp-content\/uploads\/2020\/10\/31-150x150.jpg 150w, https:\/\/protrainingmodels.fr\/PTM\/wp-content\/uploads\/2020\/10\/31-768x767.jpg 768w, https:\/\/protrainingmodels.fr\/PTM\/wp-content\/uploads\/2020\/10\/31.jpg 1080w\" sizes=\"(max-width: 1024px) 100vw, 1024px\" \/>\t\t\t\t\t\t\t\t\t\t\t\t\t<\/div>\n\t\t\t\t<\/div>\n\t\t\t\t<div class=\"elementor-element elementor-element-5704411 elementor-widget__width-initial elementor-absolute elementor-widget elementor-widget-image\" data-id=\"5704411\" data-element_type=\"widget\" data-settings=\"{&quot;_position&quot;:&quot;absolute&quot;}\" data-widget_type=\"image.default\">\n\t\t\t\t<div class=\"elementor-widget-container\">\n\t\t\t\t\t\t\t\t\t\t\t\t\t<img decoding=\"async\" width=\"200\" height=\"489\" src=\"https:\/\/protrainingmodels.fr\/PTM\/wp-content\/uploads\/2020\/11\/pattern-v-1.png\" class=\"attachment-large size-large wp-image-1804\" alt=\"\" srcset=\"https:\/\/protrainingmodels.fr\/PTM\/wp-content\/uploads\/2020\/11\/pattern-v-1.png 200w, https:\/\/protrainingmodels.fr\/PTM\/wp-content\/uploads\/2020\/11\/pattern-v-1-123x300.png 123w\" sizes=\"(max-width: 200px) 100vw, 200px\" \/>\t\t\t\t\t\t\t\t\t\t\t\t\t<\/div>\n\t\t\t\t<\/div>\n\t\t\t\t\t<\/div>\n\t\t<\/div>\n\t\t\t\t\t<\/div>\n\t\t<\/section>\n\t\t\t\t<section class=\"elementor-section elementor-top-section elementor-element elementor-element-d896f13 elementor-section-content-middle elementor-section-boxed elementor-section-height-default elementor-section-height-default\" data-id=\"d896f13\" data-element_type=\"section\">\n\t\t\t\t\t\t<div class=\"elementor-container elementor-column-gap-default\">\n\t\t\t\t\t<div class=\"elementor-column elementor-col-50 elementor-top-column elementor-element elementor-element-6493344\" data-id=\"6493344\" data-element_type=\"column\">\n\t\t\t<div class=\"elementor-widget-wrap elementor-element-populated\">\n\t\t\t\t\t\t<div class=\"elementor-element elementor-element-866ffeb elementor-widget elementor-widget-image\" data-id=\"866ffeb\" data-element_type=\"widget\" data-widget_type=\"image.default\">\n\t\t\t\t<div class=\"elementor-widget-container\">\n\t\t\t\t\t\t\t\t\t\t\t\t\t<img decoding=\"async\" width=\"603\" height=\"450\" src=\"https:\/\/protrainingmodels.fr\/PTM\/wp-content\/uploads\/2020\/11\/EMI_9228.jpg\" class=\"attachment-large size-large wp-image-1893\" alt=\"\" srcset=\"https:\/\/protrainingmodels.fr\/PTM\/wp-content\/uploads\/2020\/11\/EMI_9228.jpg 603w, https:\/\/protrainingmodels.fr\/PTM\/wp-content\/uploads\/2020\/11\/EMI_9228-300x224.jpg 300w, https:\/\/protrainingmodels.fr\/PTM\/wp-content\/uploads\/2020\/11\/EMI_9228-600x448.jpg 600w\" sizes=\"(max-width: 603px) 100vw, 603px\" \/>\t\t\t\t\t\t\t\t\t\t\t\t\t<\/div>\n\t\t\t\t<\/div>\n\t\t\t\t\t<\/div>\n\t\t<\/div>\n\t\t\t\t<div class=\"elementor-column elementor-col-50 elementor-top-column elementor-element elementor-element-a03c3d0\" data-id=\"a03c3d0\" data-element_type=\"column\">\n\t\t\t<div class=\"elementor-widget-wrap elementor-element-populated\">\n\t\t\t\t\t\t<div class=\"elementor-element elementor-element-6c5a0fb elementor-widget elementor-widget-heading\" data-id=\"6c5a0fb\" data-element_type=\"widget\" data-widget_type=\"heading.default\">\n\t\t\t\t<div class=\"elementor-widget-container\">\n\t\t\t<h2 class=\"elementor-heading-title elementor-size-default\">Chor\u00e9graphie Mode<\/h2>\t\t<\/div>\n\t\t\t\t<\/div>\n\t\t\t\t<div class=\"elementor-element elementor-element-c51ab1c elementor-widget-divider--view-line elementor-widget elementor-widget-divider\" data-id=\"c51ab1c\" data-element_type=\"widget\" data-widget_type=\"divider.default\">\n\t\t\t\t<div class=\"elementor-widget-container\">\n\t\t\t\t\t<div class=\"elementor-divider\">\n\t\t\t<span class=\"elementor-divider-separator\">\n\t\t\t\t\t\t<\/span>\n\t\t<\/div>\n\t\t\t\t<\/div>\n\t\t\t\t<\/div>\n\t\t\t\t<div class=\"elementor-element elementor-element-72eecb0 elementor-widget elementor-widget-text-editor\" data-id=\"72eecb0\" data-element_type=\"widget\" data-widget_type=\"text-editor.default\">\n\t\t\t\t<div class=\"elementor-widget-container\">\n\t\t\t\t\t\t\t<p>Ici g\u00e9n\u00e9ralement les consignes sont strictes et\/ou tr\u00e8s peu mouvement\u00e9es. Le type de musique doit \u00eatre connu et maitris\u00e9 pour un bon temps de marche et synchronisation avec l&rsquo;ambiance.<br \/>Une chor\u00e9graphie de parcours de marche, plus ou moins difficile en fonction des clients, la chor\u00e9graphie ici se veut parfois simple pr\u00e9cis ou avec des croisements plus ou moins longs.<br \/>Une chose est sure:<\/p><blockquote><p>\u00ab\u00a0L&rsquo;adaptation et l&rsquo;innovation sont roi chez <strong>Pro training Models\u00a0\u00bb<\/strong>.<\/p><\/blockquote>\t\t\t\t\t\t<\/div>\n\t\t\t\t<\/div>\n\t\t\t\t<div class=\"elementor-element elementor-element-f9ea68e elementor-align-left elementor-mobile-align-left elementor-tablet-align-left elementor-widget elementor-widget-button\" data-id=\"f9ea68e\" data-element_type=\"widget\" data-widget_type=\"button.default\">\n\t\t\t\t<div class=\"elementor-widget-container\">\n\t\t\t\t\t<div class=\"elementor-button-wrapper\">\n\t\t\t<a class=\"elementor-button elementor-button-link elementor-size-sm\" href=\"https:\/\/protrainingmodels.fr\/PTM\/book-now\/\">\n\t\t\t\t\t\t<span class=\"elementor-button-content-wrapper\">\n\t\t\t\t\t\t<span class=\"elementor-button-icon elementor-align-icon-right\">\n\t\t\t\t<i aria-hidden=\"true\" class=\"fas fa-arrow-right\"><\/i>\t\t\t<\/span>\n\t\t\t\t\t\t<span class=\"elementor-button-text\">Book Now<\/span>\n\t\t<\/span>\n\t\t\t\t\t<\/a>\n\t\t<\/div>\n\t\t\t\t<\/div>\n\t\t\t\t<\/div>\n\t\t\t\t\t<\/div>\n\t\t<\/div>\n\t\t\t\t\t<\/div>\n\t\t<\/section>\n\t\t\t\t<section class=\"elementor-section elementor-top-section elementor-element elementor-element-827c9d5 elementor-section-content-middle elementor-section-boxed elementor-section-height-default elementor-section-height-default\" data-id=\"827c9d5\" data-element_type=\"section\" data-settings=\"{&quot;background_background&quot;:&quot;classic&quot;}\">\n\t\t\t\t\t\t<div class=\"elementor-container elementor-column-gap-default\">\n\t\t\t\t\t<div class=\"elementor-column elementor-col-50 elementor-top-column elementor-element elementor-element-8bbf61b\" data-id=\"8bbf61b\" data-element_type=\"column\">\n\t\t\t<div class=\"elementor-widget-wrap elementor-element-populated\">\n\t\t\t\t\t\t<div class=\"elementor-element elementor-element-67e2aad elementor-widget elementor-widget-heading\" data-id=\"67e2aad\" data-element_type=\"widget\" data-widget_type=\"heading.default\">\n\t\t\t\t<div class=\"elementor-widget-container\">\n\t\t\t<h2 class=\"elementor-heading-title elementor-size-default\">Chor\u00e9graphie Shows<\/h2>\t\t<\/div>\n\t\t\t\t<\/div>\n\t\t\t\t<div class=\"elementor-element elementor-element-0162576 elementor-widget-divider--view-line elementor-widget elementor-widget-divider\" data-id=\"0162576\" data-element_type=\"widget\" data-widget_type=\"divider.default\">\n\t\t\t\t<div class=\"elementor-widget-container\">\n\t\t\t\t\t<div class=\"elementor-divider\">\n\t\t\t<span class=\"elementor-divider-separator\">\n\t\t\t\t\t\t<\/span>\n\t\t<\/div>\n\t\t\t\t<\/div>\n\t\t\t\t<\/div>\n\t\t\t\t<div class=\"elementor-element elementor-element-2d8fa30 elementor-widget elementor-widget-text-editor\" data-id=\"2d8fa30\" data-element_type=\"widget\" data-widget_type=\"text-editor.default\">\n\t\t\t\t<div class=\"elementor-widget-container\">\n\t\t\t\t\t\t\t<p>Tout comme dans le premier cas, les chor\u00e9graphies se veulent pr\u00e9cises en fonction des consignes.<br \/>En shows, les chor\u00e9graphies sont souvent plus ou moins anim\u00e9es par<\/p><ul><li>\u00a0La danse<\/li><li>Les jeux de r\u00f4le<\/li><li>Les mises en sc\u00e8ne ou en valeur de x choses.<\/li><\/ul><p>Le Tout dans une ambiance bien plus d\u00e9contract\u00e9e, mais tr\u00e8s stricte quant \u00e0 la bonne ex\u00e9cution de la marche \u00e0 suivre.<\/p><blockquote><p><i>\u00ab\u00a0Votre sourire, la priorit\u00e9 chez <strong>Pro Training Models<\/strong>.\u00a0\u00bb<\/i><\/p><\/blockquote>\t\t\t\t\t\t<\/div>\n\t\t\t\t<\/div>\n\t\t\t\t<div class=\"elementor-element elementor-element-667468c elementor-align-left elementor-mobile-align-left elementor-tablet-align-left elementor-widget elementor-widget-button\" data-id=\"667468c\" data-element_type=\"widget\" data-widget_type=\"button.default\">\n\t\t\t\t<div class=\"elementor-widget-container\">\n\t\t\t\t\t<div class=\"elementor-button-wrapper\">\n\t\t\t<a class=\"elementor-button elementor-button-link elementor-size-sm\" href=\"https:\/\/protrainingmodels.fr\/PTM\/book-now\/\">\n\t\t\t\t\t\t<span class=\"elementor-button-content-wrapper\">\n\t\t\t\t\t\t<span class=\"elementor-button-icon elementor-align-icon-right\">\n\t\t\t\t<i aria-hidden=\"true\" class=\"fas fa-arrow-right\"><\/i>\t\t\t<\/span>\n\t\t\t\t\t\t<span class=\"elementor-button-text\">Book now<\/span>\n\t\t<\/span>\n\t\t\t\t\t<\/a>\n\t\t<\/div>\n\t\t\t\t<\/div>\n\t\t\t\t<\/div>\n\t\t\t\t\t<\/div>\n\t\t<\/div>\n\t\t\t\t<div class=\"elementor-column elementor-col-50 elementor-top-column elementor-element elementor-element-afe2d1c\" data-id=\"afe2d1c\" data-element_type=\"column\">\n\t\t\t<div class=\"elementor-widget-wrap elementor-element-populated\">\n\t\t\t\t\t\t<div class=\"elementor-element elementor-element-635ccf7 elementor-widget elementor-widget-image\" data-id=\"635ccf7\" data-element_type=\"widget\" data-widget_type=\"image.default\">\n\t\t\t\t<div class=\"elementor-widget-container\">\n\t\t\t\t\t\t\t\t\t\t\t\t\t<img loading=\"lazy\" decoding=\"async\" width=\"603\" height=\"450\" src=\"https:\/\/protrainingmodels.fr\/PTM\/wp-content\/uploads\/2020\/11\/EMI_9219.jpg\" class=\"attachment-large size-large wp-image-1885\" alt=\"\" srcset=\"https:\/\/protrainingmodels.fr\/PTM\/wp-content\/uploads\/2020\/11\/EMI_9219.jpg 603w, https:\/\/protrainingmodels.fr\/PTM\/wp-content\/uploads\/2020\/11\/EMI_9219-300x224.jpg 300w, https:\/\/protrainingmodels.fr\/PTM\/wp-content\/uploads\/2020\/11\/EMI_9219-600x448.jpg 600w\" sizes=\"(max-width: 603px) 100vw, 603px\" \/>\t\t\t\t\t\t\t\t\t\t\t\t\t<\/div>\n\t\t\t\t<\/div>\n\t\t\t\t\t<\/div>\n\t\t<\/div>\n\t\t\t\t\t<\/div>\n\t\t<\/section>\n\t\t\t\t<section class=\"elementor-section elementor-top-section elementor-element elementor-element-0e704ff elementor-section-boxed elementor-section-height-default elementor-section-height-default\" data-id=\"0e704ff\" data-element_type=\"section\">\n\t\t\t\t\t\t<div class=\"elementor-container elementor-column-gap-no\">\n\t\t\t\t\t<div class=\"elementor-column elementor-col-100 elementor-top-column elementor-element elementor-element-e78fd11\" data-id=\"e78fd11\" data-element_type=\"column\">\n\t\t\t<div class=\"elementor-widget-wrap\">\n\t\t\t\t\t\t\t<\/div>\n\t\t<\/div>\n\t\t\t\t\t<\/div>\n\t\t<\/section>\n\t\t\t\t<\/div>\n\t\t","protected":false},"excerpt":{"rendered":"<p>Chor\u00e9graphe Pour tout d\u00e9fil\u00e9 de mode, show en tout genre, il faut une chor\u00e9graphie adapt\u00e9e au parcours qu\u2019effectueront les mannequins ou autres. Ceci en fonction du but, de l\u2019atmosph\u00e8re pr\u00e9vue pour l\u2019\u00e9v\u00e9nement.Le Chor\u00e9graphe se doit d\u2019\u00e9tudier le parcours du d\u00e9fil\u00e9 afin de voir et de pr\u00e9ciser ce que les mannequins devront faire \u00e0 un instant [&hellip;]<\/p>\n","protected":false},"author":1,"featured_media":0,"parent":0,"menu_order":0,"comment_status":"closed","ping_status":"closed","template":"","meta":{"site-sidebar-layout":"no-sidebar","site-content-layout":"page-builder","ast-site-content-layout":"","site-content-style":"default","site-sidebar-style":"default","ast-global-header-display":"","ast-banner-title-visibility":"","ast-main-header-display":"","ast-hfb-above-header-display":"","ast-hfb-below-header-display":"","ast-hfb-mobile-header-display":"","site-post-title":"disabled","ast-breadcrumbs-content":"","ast-featured-img":"disabled","footer-sml-layout":"","theme-transparent-header-meta":"enabled","adv-header-id-meta":"","stick-header-meta":"","header-above-stick-meta":"","header-main-stick-meta":"","header-below-stick-meta":"","astra-migrate-meta-layouts":"default","ast-page-background-enabled":"default","ast-page-background-meta":{"desktop":{"background-color":"var(--ast-global-color-4)","background-image":"","background-repeat":"repeat","background-position":"center center","background-size":"auto","background-attachment":"scroll","background-type":"","background-media":"","overlay-type":"","overlay-color":"","overlay-gradient":""},"tablet":{"background-color":"","background-image":"","background-repeat":"repeat","background-position":"center center","background-size":"auto","background-attachment":"scroll","background-type":"","background-media":"","overlay-type":"","overlay-color":"","overlay-gradient":""},"mobile":{"background-color":"","background-image":"","background-repeat":"repeat","background-position":"center center","background-size":"auto","background-attachment":"scroll","background-type":"","background-media":"","overlay-type":"","overlay-color":"","overlay-gradient":""}},"ast-content-background-meta":{"desktop":{"background-color":"var(--ast-global-color-5)","background-image":"","background-repeat":"repeat","background-position":"center center","background-size":"auto","background-attachment":"scroll","background-type":"","background-media":"","overlay-type":"","overlay-color":"","overlay-gradient":""},"tablet":{"background-color":"var(--ast-global-color-5)","background-image":"","background-repeat":"repeat","background-position":"center center","background-size":"auto","background-attachment":"scroll","background-type":"","background-media":"","overlay-type":"","overlay-color":"","overlay-gradient":""},"mobile":{"background-color":"var(--ast-global-color-5)","background-image":"","background-repeat":"repeat","background-position":"center center","background-size":"auto","background-attachment":"scroll","background-type":"","background-media":"","overlay-type":"","overlay-color":"","overlay-gradient":""}},"footnotes":""},"_links":{"self":[{"href":"https:\/\/protrainingmodels.fr\/PTM\/wp-json\/wp\/v2\/pages\/1486"}],"collection":[{"href":"https:\/\/protrainingmodels.fr\/PTM\/wp-json\/wp\/v2\/pages"}],"about":[{"href":"https:\/\/protrainingmodels.fr\/PTM\/wp-json\/wp\/v2\/types\/page"}],"author":[{"embeddable":true,"href":"https:\/\/protrainingmodels.fr\/PTM\/wp-json\/wp\/v2\/users\/1"}],"replies":[{"embeddable":true,"href":"https:\/\/protrainingmodels.fr\/PTM\/wp-json\/wp\/v2\/comments?post=1486"}],"version-history":[{"count":72,"href":"https:\/\/protrainingmodels.fr\/PTM\/wp-json\/wp\/v2\/pages\/1486\/revisions"}],"predecessor-version":[{"id":4310,"href":"https:\/\/protrainingmodels.fr\/PTM\/wp-json\/wp\/v2\/pages\/1486\/revisions\/4310"}],"wp:attachment":[{"href":"https:\/\/protrainingmodels.fr\/PTM\/wp-json\/wp\/v2\/media?parent=1486"}],"curies":[{"name":"wp","href":"https:\/\/api.w.org\/{rel}","templated":true}]}}