{"id":2182,"date":"2020-11-09T16:09:39","date_gmt":"2020-11-09T16:09:39","guid":{"rendered":"https:\/\/protrainingmodels.fr\/PTM\/?page_id=2182"},"modified":"2022-03-16T16:40:34","modified_gmt":"2022-03-16T16:40:34","slug":"coaching-sportif-et-dietetique","status":"publish","type":"page","link":"https:\/\/protrainingmodels.fr\/PTM\/coaching-sportif-et-dietetique\/","title":{"rendered":"Coaching sportif et di\u00e9t\u00e9tique"},"content":{"rendered":"\t\t<div data-elementor-type=\"wp-page\" data-elementor-id=\"2182\" class=\"elementor elementor-2182\">\n\t\t\t\t\t\t<section class=\"elementor-section elementor-top-section elementor-element elementor-element-c959a33 elementor-section-content-middle elementor-section-boxed elementor-section-height-default elementor-section-height-default\" data-id=\"c959a33\" data-element_type=\"section\" data-settings=\"{&quot;background_background&quot;:&quot;classic&quot;}\">\n\t\t\t\t\t\t\t<div class=\"elementor-background-overlay\"><\/div>\n\t\t\t\t\t\t\t<div class=\"elementor-container elementor-column-gap-no\">\n\t\t\t\t\t<div class=\"elementor-column elementor-col-100 elementor-top-column elementor-element elementor-element-a4fb600\" data-id=\"a4fb600\" data-element_type=\"column\">\n\t\t\t<div class=\"elementor-widget-wrap elementor-element-populated\">\n\t\t\t\t\t\t\t<\/div>\n\t\t<\/div>\n\t\t\t\t\t<\/div>\n\t\t<\/section>\n\t\t\t\t<section class=\"elementor-section elementor-top-section elementor-element elementor-element-81345be elementor-section-content-middle elementor-section-boxed elementor-section-height-default elementor-section-height-default\" data-id=\"81345be\" data-element_type=\"section\" id=\"about\">\n\t\t\t\t\t\t\t<div class=\"elementor-background-overlay\"><\/div>\n\t\t\t\t\t\t\t<div class=\"elementor-container elementor-column-gap-no\">\n\t\t\t\t\t<div class=\"elementor-column elementor-col-50 elementor-top-column elementor-element elementor-element-b104985\" data-id=\"b104985\" data-element_type=\"column\">\n\t\t\t<div class=\"elementor-widget-wrap elementor-element-populated\">\n\t\t\t\t\t\t<div class=\"elementor-element elementor-element-69e24cb elementor-widget elementor-widget-heading\" data-id=\"69e24cb\" data-element_type=\"widget\" data-widget_type=\"heading.default\">\n\t\t\t\t<div class=\"elementor-widget-container\">\n\t\t\t<h2 class=\"elementor-heading-title elementor-size-default\">Sport<\/h2>\t\t<\/div>\n\t\t\t\t<\/div>\n\t\t\t\t<div class=\"elementor-element elementor-element-e526cc7 elementor-widget-divider--view-line elementor-widget elementor-widget-divider\" data-id=\"e526cc7\" data-element_type=\"widget\" data-widget_type=\"divider.default\">\n\t\t\t\t<div class=\"elementor-widget-container\">\n\t\t\t\t\t<div class=\"elementor-divider\">\n\t\t\t<span class=\"elementor-divider-separator\">\n\t\t\t\t\t\t<\/span>\n\t\t<\/div>\n\t\t\t\t<\/div>\n\t\t\t\t<\/div>\n\t\t\t\t<div class=\"elementor-element elementor-element-851c581 elementor-widget elementor-widget-text-editor\" data-id=\"851c581\" data-element_type=\"widget\" data-widget_type=\"text-editor.default\">\n\t\t\t\t<div class=\"elementor-widget-container\">\n\t\t\t\t\t\t\t<p>Notre Corps , <br \/>Notre premi\u00e8re maison,<\/p><p>Nous sommes nos habitudes et ce que nous d\u00e9cidons d\u2019\u00eatre. La sant\u00e9 n\u2019a pas de prix comme on le dit bien souvent.\u00a0<\/p><p>En collaboration avec le coach sportif Pierre, pro training met \u00e0 disposition des sessions de sport pour tous, que ce soit pour des particuliers, mannequins et\/ou artistes en tout genre.<\/p>\t\t\t\t\t\t<\/div>\n\t\t\t\t<\/div>\n\t\t\t\t\t<\/div>\n\t\t<\/div>\n\t\t\t\t<div class=\"elementor-column elementor-col-50 elementor-top-column elementor-element elementor-element-6fead32\" data-id=\"6fead32\" data-element_type=\"column\" data-settings=\"{&quot;background_background&quot;:&quot;slideshow&quot;,&quot;background_slideshow_gallery&quot;:[{&quot;id&quot;:3995,&quot;url&quot;:&quot;https:\\\/\\\/protrainingmodels.fr\\\/PTM\\\/wp-content\\\/uploads\\\/2021\\\/12\\\/IMG-9718-scaled.jpeg&quot;},{&quot;id&quot;:3996,&quot;url&quot;:&quot;https:\\\/\\\/protrainingmodels.fr\\\/PTM\\\/wp-content\\\/uploads\\\/2021\\\/12\\\/IMG-9726-scaled.jpeg&quot;},{&quot;id&quot;:2907,&quot;url&quot;:&quot;https:\\\/\\\/protrainingmodels.fr\\\/PTM\\\/wp-content\\\/uploads\\\/2020\\\/11\\\/Sport_Trocadero_20201008_0074-scaled.jpg&quot;},{&quot;id&quot;:2902,&quot;url&quot;:&quot;https:\\\/\\\/protrainingmodels.fr\\\/PTM\\\/wp-content\\\/uploads\\\/2020\\\/11\\\/Sporteam_trocadero_291020_183_1689-scaled.jpg&quot;},{&quot;id&quot;:2903,&quot;url&quot;:&quot;https:\\\/\\\/protrainingmodels.fr\\\/PTM\\\/wp-content\\\/uploads\\\/2020\\\/11\\\/Sporteam_trocadero_291020_184_1691-scaled.jpg&quot;},{&quot;id&quot;:2887,&quot;url&quot;:&quot;https:\\\/\\\/protrainingmodels.fr\\\/PTM\\\/wp-content\\\/uploads\\\/2020\\\/11\\\/Sport_Coach-scaled.jpg&quot;}],&quot;background_slideshow_slide_transition&quot;:&quot;slide_left&quot;,&quot;background_slideshow_loop&quot;:&quot;yes&quot;,&quot;background_slideshow_slide_duration&quot;:5000,&quot;background_slideshow_transition_duration&quot;:500}\">\n\t\t\t<div class=\"elementor-widget-wrap elementor-element-populated\">\n\t\t\t\t\t\t<div class=\"elementor-element elementor-element-b692f4e elementor-widget elementor-widget-heading\" data-id=\"b692f4e\" data-element_type=\"widget\" data-widget_type=\"heading.default\">\n\t\t\t\t<div class=\"elementor-widget-container\">\n\t\t\t<h5 class=\"elementor-heading-title elementor-size-default\">\"Un corps sain dans un esprit sain\"<\/h5>\t\t<\/div>\n\t\t\t\t<\/div>\n\t\t\t\t\t<\/div>\n\t\t<\/div>\n\t\t\t\t\t<\/div>\n\t\t<\/section>\n\t\t\t\t<section class=\"elementor-section elementor-top-section elementor-element elementor-element-93aa11d elementor-section-content-middle elementor-section-boxed elementor-section-height-default elementor-section-height-default\" data-id=\"93aa11d\" data-element_type=\"section\" data-settings=\"{&quot;background_background&quot;:&quot;classic&quot;}\">\n\t\t\t\t\t\t\t<div class=\"elementor-background-overlay\"><\/div>\n\t\t\t\t\t\t\t<div class=\"elementor-container elementor-column-gap-no\">\n\t\t\t\t\t<div class=\"elementor-column elementor-col-33 elementor-top-column elementor-element elementor-element-5a43195\" data-id=\"5a43195\" data-element_type=\"column\">\n\t\t\t<div class=\"elementor-widget-wrap elementor-element-populated\">\n\t\t\t\t\t\t<div class=\"elementor-element elementor-element-b61e339 elementor-widget elementor-widget-image\" data-id=\"b61e339\" data-element_type=\"widget\" data-widget_type=\"image.default\">\n\t\t\t\t<div class=\"elementor-widget-container\">\n\t\t\t\t\t\t\t\t\t\t\t\t\t<img decoding=\"async\" src=\"https:\/\/protrainingmodels.fr\/PTM\/wp-content\/uploads\/2020\/11\/active-Pro-biceps-body.png\" title=\"\" alt=\"\" loading=\"lazy\" \/>\t\t\t\t\t\t\t\t\t\t\t\t\t<\/div>\n\t\t\t\t<\/div>\n\t\t\t\t<div class=\"elementor-element elementor-element-1e95d05 elementor-align-left elementor-mobile-align-left elementor-tablet-align-left elementor-widget elementor-widget-button\" data-id=\"1e95d05\" data-element_type=\"widget\" data-widget_type=\"button.default\">\n\t\t\t\t<div class=\"elementor-widget-container\">\n\t\t\t\t\t<div class=\"elementor-button-wrapper\">\n\t\t\t<a class=\"elementor-button elementor-button-link elementor-size-sm\" href=\"\/PTM\/prise-de-rendez-vous\/\">\n\t\t\t\t\t\t<span class=\"elementor-button-content-wrapper\">\n\t\t\t\t\t\t<span class=\"elementor-button-icon elementor-align-icon-right\">\n\t\t\t\t<i aria-hidden=\"true\" class=\"fas fa-arrow-right\"><\/i>\t\t\t<\/span>\n\t\t\t\t\t\t<span class=\"elementor-button-text\">Demandez un rendez-vous <\/span>\n\t\t<\/span>\n\t\t\t\t\t<\/a>\n\t\t<\/div>\n\t\t\t\t<\/div>\n\t\t\t\t<\/div>\n\t\t\t\t\t<\/div>\n\t\t<\/div>\n\t\t\t\t<div class=\"elementor-column elementor-col-66 elementor-top-column elementor-element elementor-element-a7a24bc\" data-id=\"a7a24bc\" data-element_type=\"column\">\n\t\t\t<div class=\"elementor-widget-wrap elementor-element-populated\">\n\t\t\t\t\t\t<div class=\"elementor-element elementor-element-dd5f63d elementor-widget elementor-widget-heading\" data-id=\"dd5f63d\" data-element_type=\"widget\" data-widget_type=\"heading.default\">\n\t\t\t\t<div class=\"elementor-widget-container\">\n\t\t\t<h2 class=\"elementor-heading-title elementor-size-default\">Coaching Sportif<\/h2>\t\t<\/div>\n\t\t\t\t<\/div>\n\t\t\t\t<div class=\"elementor-element elementor-element-ab85971 elementor-widget-divider--view-line elementor-widget elementor-widget-divider\" data-id=\"ab85971\" data-element_type=\"widget\" data-widget_type=\"divider.default\">\n\t\t\t\t<div class=\"elementor-widget-container\">\n\t\t\t\t\t<div class=\"elementor-divider\">\n\t\t\t<span class=\"elementor-divider-separator\">\n\t\t\t\t\t\t<\/span>\n\t\t<\/div>\n\t\t\t\t<\/div>\n\t\t\t\t<\/div>\n\t\t\t\t<section class=\"elementor-section elementor-inner-section elementor-element elementor-element-dee5449 elementor-section-boxed elementor-section-height-default elementor-section-height-default\" data-id=\"dee5449\" data-element_type=\"section\">\n\t\t\t\t\t\t<div class=\"elementor-container elementor-column-gap-no\">\n\t\t\t\t\t<div class=\"elementor-column elementor-col-100 elementor-inner-column elementor-element elementor-element-d98c816\" data-id=\"d98c816\" data-element_type=\"column\">\n\t\t\t<div class=\"elementor-widget-wrap elementor-element-populated\">\n\t\t\t\t\t\t<div class=\"elementor-element elementor-element-c28d3e9 elementor-widget elementor-widget-text-editor\" data-id=\"c28d3e9\" data-element_type=\"widget\" data-widget_type=\"text-editor.default\">\n\t\t\t\t<div class=\"elementor-widget-container\">\n\t\t\t\t\t\t\t<p>Chez Pro Training Models <br \/>Les coachings sportifs se font de deux mani\u00e8res. \u00c0 vous de choisir ce qui vous convient :<\/p>\t\t\t\t\t\t<\/div>\n\t\t\t\t<\/div>\n\t\t\t\t<div class=\"elementor-element elementor-element-6091db9 elementor-widget elementor-widget-heading\" data-id=\"6091db9\" data-element_type=\"widget\" data-widget_type=\"heading.default\">\n\t\t\t\t<div class=\"elementor-widget-container\">\n\t\t\t<h2 class=\"elementor-heading-title elementor-size-default\">1-SOLO<\/h2>\t\t<\/div>\n\t\t\t\t<\/div>\n\t\t\t\t<div class=\"elementor-element elementor-element-21558c9 elementor-widget elementor-widget-text-editor\" data-id=\"21558c9\" data-element_type=\"widget\" data-widget_type=\"text-editor.default\">\n\t\t\t\t<div class=\"elementor-widget-container\">\n\t\t\t\t\t\t\t<p>R\u00e9servez votre s\u00e9ance priv\u00e9e avec le coach dans les locaux Protraining ou en ext\u00e9rieur et profitez des r\u00e9ductions que vous donnent vos abonnements. Travaillez la totalit\u00e9 ou certaines parties de votre corps selon vos envies.<\/p>\t\t\t\t\t\t<\/div>\n\t\t\t\t<\/div>\n\t\t\t\t\t<\/div>\n\t\t<\/div>\n\t\t\t\t\t<\/div>\n\t\t<\/section>\n\t\t\t\t<section class=\"elementor-section elementor-inner-section elementor-element elementor-element-a65bb8b elementor-section-boxed elementor-section-height-default elementor-section-height-default\" data-id=\"a65bb8b\" data-element_type=\"section\">\n\t\t\t\t\t\t<div class=\"elementor-container elementor-column-gap-no\">\n\t\t\t\t\t<div class=\"elementor-column elementor-col-100 elementor-inner-column elementor-element elementor-element-24ae1f9\" data-id=\"24ae1f9\" data-element_type=\"column\">\n\t\t\t<div class=\"elementor-widget-wrap elementor-element-populated\">\n\t\t\t\t\t\t<div class=\"elementor-element elementor-element-9b91543 elementor-widget elementor-widget-heading\" data-id=\"9b91543\" data-element_type=\"widget\" data-widget_type=\"heading.default\">\n\t\t\t\t<div class=\"elementor-widget-container\">\n\t\t\t<h2 class=\"elementor-heading-title elementor-size-default\">2-DUO<\/h2>\t\t<\/div>\n\t\t\t\t<\/div>\n\t\t\t\t<div class=\"elementor-element elementor-element-c47372f elementor-widget elementor-widget-text-editor\" data-id=\"c47372f\" data-element_type=\"widget\" data-widget_type=\"text-editor.default\">\n\t\t\t\t<div class=\"elementor-widget-container\">\n\t\t\t\t\t\t\t<p>\u00a0Ici, il s&rsquo;agira d&rsquo;un coaching deux en un.<\/p><p>Le coach sportif <strong>Pierre<\/strong> \u00a0et la coach\u00a0<strong>Armelle<\/strong>, s&rsquo;associent pour vous offrir une s\u00e9ance de sport pas comme les autres.<\/p><p>Travailler son aspect\u00a0<strong>Int\u00e9rieur<\/strong> tout en travaillant son aspect\u00a0<strong>Ext\u00e9rieur<\/strong>.<br \/>Le coach <b><i>Pierre<\/i><\/b>\u00a0charge de votre physique et pour faire passer la pilule, Armelle se chargera de la partie d\u00e9tente et motivation.<\/p><p><strong>Vous trouvez \u00e7a bizarre<\/strong>, nous aussi. Mais \u00e7a, c&rsquo;\u00e9tait au d\u00e9but. Si vous n&rsquo;essayez pas, vous ne saurez jamais, alors, n&rsquo;attendez pas longtemps pour tenter l&rsquo;exp\u00e9rience.<\/p><blockquote><p><span style=\"color: #ffffff;\">\u00a0\u00bb Faites du sport, parce que vous aimez votre corps et non parce que vous le d\u00e9testez.\u00a0\u00bb<\/span><\/p><\/blockquote>\t\t\t\t\t\t<\/div>\n\t\t\t\t<\/div>\n\t\t\t\t\t<\/div>\n\t\t<\/div>\n\t\t\t\t\t<\/div>\n\t\t<\/section>\n\t\t\t\t\t<\/div>\n\t\t<\/div>\n\t\t\t\t\t<\/div>\n\t\t<\/section>\n\t\t\t\t<section class=\"elementor-section elementor-top-section elementor-element elementor-element-d761a97 elementor-section-content-middle elementor-section-boxed elementor-section-height-default elementor-section-height-default\" data-id=\"d761a97\" data-element_type=\"section\" data-settings=\"{&quot;background_background&quot;:&quot;classic&quot;}\">\n\t\t\t\t\t\t\t<div class=\"elementor-background-overlay\"><\/div>\n\t\t\t\t\t\t\t<div class=\"elementor-container elementor-column-gap-no\">\n\t\t\t\t\t<div class=\"elementor-column elementor-col-50 elementor-top-column elementor-element elementor-element-f521fe0\" data-id=\"f521fe0\" data-element_type=\"column\">\n\t\t\t<div class=\"elementor-widget-wrap elementor-element-populated\">\n\t\t\t\t\t\t<div class=\"elementor-element elementor-element-602b17e elementor-widget elementor-widget-heading\" data-id=\"602b17e\" data-element_type=\"widget\" data-widget_type=\"heading.default\">\n\t\t\t\t<div class=\"elementor-widget-container\">\n\t\t\t<h2 class=\"elementor-heading-title elementor-size-default\">Coaching Di\u00e9t\u00e9tique<\/h2>\t\t<\/div>\n\t\t\t\t<\/div>\n\t\t\t\t<div class=\"elementor-element elementor-element-60e2807 elementor-widget-divider--view-line elementor-widget elementor-widget-divider\" data-id=\"60e2807\" data-element_type=\"widget\" data-widget_type=\"divider.default\">\n\t\t\t\t<div class=\"elementor-widget-container\">\n\t\t\t\t\t<div class=\"elementor-divider\">\n\t\t\t<span class=\"elementor-divider-separator\">\n\t\t\t\t\t\t<\/span>\n\t\t<\/div>\n\t\t\t\t<\/div>\n\t\t\t\t<\/div>\n\t\t\t\t\t<\/div>\n\t\t<\/div>\n\t\t\t\t<div class=\"elementor-column elementor-col-50 elementor-top-column elementor-element elementor-element-690dda3\" data-id=\"690dda3\" data-element_type=\"column\" data-settings=\"{&quot;background_background&quot;:&quot;classic&quot;}\">\n\t\t\t<div class=\"elementor-widget-wrap elementor-element-populated\">\n\t\t\t\t\t<div class=\"elementor-background-overlay\"><\/div>\n\t\t\t\t\t\t<div class=\"elementor-element elementor-element-05d7a54 elementor-widget elementor-widget-text-editor\" data-id=\"05d7a54\" data-element_type=\"widget\" data-widget_type=\"text-editor.default\">\n\t\t\t\t<div class=\"elementor-widget-container\">\n\t\t\t\t\t\t\t<blockquote><p>\u00ab\u00a0Nous sommes ce que nous mangeons\u00a0\u00bb<\/p><\/blockquote><p>Une bonne alimentation nous met toujours \u00e0 l&rsquo;abri de plusieurs probl\u00e8mes. Lorsque nous prenons notre temps, \u00e9nergie, lorsque nous sacrifions certains aspects \u00a0de nos vies pour la sant\u00e9 de notre corps en passant par le sport, une alimentation cons\u00e9quente est recommand\u00e9e pour aboutir \u00e0 un r\u00e9sultat et surtout le maintenir.<\/p><p>Le professionnalisme d\u2019un nutritionniste \u00e0 ce sujet et muni de son mat\u00e9riel de diagnostic, vous proposera des \u00e9tapes \u00e0 suivre pour une bonne alimentation \u00e9quilibr\u00e9e pour votre type de morphologie et ossature.<\/p><p>L\u2019exp\u00e9rience de Armelle sur son alimentation personnelle, car tr\u00e8s sportive et mannequin et de par ses \u00e9tudes en agroalimentaire, vous orientera \u00e9galement quant aux flexibilit\u00e9s possibles pour ne pas voir ce programme comme une corv\u00e9e, mais plut\u00f4t comme la cerise sur le g\u00e2teau.<\/p><blockquote><p><em>\u00ab\u00a0Manger c&rsquo;est bien, bien manger c&rsquo;est encore mieux\u00a0\u00bb<\/em><\/p><\/blockquote>\t\t\t\t\t\t<\/div>\n\t\t\t\t<\/div>\n\t\t\t\t<div class=\"elementor-element elementor-element-04a8140 elementor-widget elementor-widget-image\" data-id=\"04a8140\" data-element_type=\"widget\" data-widget_type=\"image.default\">\n\t\t\t\t<div class=\"elementor-widget-container\">\n\t\t\t\t\t\t\t\t\t\t\t\t\t<img fetchpriority=\"high\" decoding=\"async\" width=\"400\" height=\"300\" src=\"https:\/\/protrainingmodels.fr\/PTM\/wp-content\/uploads\/2020\/11\/img-04.jpg\" class=\"attachment-large size-large wp-image-2573\" alt=\"\" srcset=\"https:\/\/protrainingmodels.fr\/PTM\/wp-content\/uploads\/2020\/11\/img-04.jpg 400w, https:\/\/protrainingmodels.fr\/PTM\/wp-content\/uploads\/2020\/11\/img-04-300x225.jpg 300w\" sizes=\"(max-width: 400px) 100vw, 400px\" \/>\t\t\t\t\t\t\t\t\t\t\t\t\t<\/div>\n\t\t\t\t<\/div>\n\t\t\t\t<div class=\"elementor-element elementor-element-8f4d1cb elementor-align-left elementor-mobile-align-left elementor-tablet-align-left elementor-widget elementor-widget-button\" data-id=\"8f4d1cb\" data-element_type=\"widget\" data-widget_type=\"button.default\">\n\t\t\t\t<div class=\"elementor-widget-container\">\n\t\t\t\t\t<div class=\"elementor-button-wrapper\">\n\t\t\t<a class=\"elementor-button elementor-button-link elementor-size-sm\" href=\"\/PTM\/prise-de-rendez-vous\/\">\n\t\t\t\t\t\t<span class=\"elementor-button-content-wrapper\">\n\t\t\t\t\t\t<span class=\"elementor-button-icon elementor-align-icon-right\">\n\t\t\t\t<i aria-hidden=\"true\" class=\"fas fa-arrow-right\"><\/i>\t\t\t<\/span>\n\t\t\t\t\t\t<span class=\"elementor-button-text\">Demandez un rendez-vous <\/span>\n\t\t<\/span>\n\t\t\t\t\t<\/a>\n\t\t<\/div>\n\t\t\t\t<\/div>\n\t\t\t\t<\/div>\n\t\t\t\t\t<\/div>\n\t\t<\/div>\n\t\t\t\t\t<\/div>\n\t\t<\/section>\n\t\t\t\t<section class=\"elementor-section elementor-top-section elementor-element elementor-element-94a2ad1 elementor-section-boxed elementor-section-height-default elementor-section-height-default\" data-id=\"94a2ad1\" data-element_type=\"section\">\n\t\t\t\t\t\t<div class=\"elementor-container elementor-column-gap-default\">\n\t\t\t\t\t<div class=\"elementor-column elementor-col-33 elementor-top-column elementor-element elementor-element-3078125\" data-id=\"3078125\" data-element_type=\"column\">\n\t\t\t<div class=\"elementor-widget-wrap elementor-element-populated\">\n\t\t\t\t\t\t<div class=\"elementor-element elementor-element-af0690e elementor-widget elementor-widget-video\" data-id=\"af0690e\" data-element_type=\"widget\" data-settings=\"{&quot;youtube_url&quot;:&quot;https:\\\/\\\/www.instagram.com\\\/p\\\/CFsUVlBKHdL\\\/?utm_source=ig_web_copy_link&quot;,&quot;video_type&quot;:&quot;youtube&quot;,&quot;controls&quot;:&quot;yes&quot;}\" data-widget_type=\"video.default\">\n\t\t\t\t<div class=\"elementor-widget-container\">\n\t\t\t\t\t<div class=\"elementor-wrapper elementor-open-inline\">\n\t\t\t<div class=\"elementor-video\"><\/div>\t\t<\/div>\n\t\t\t\t<\/div>\n\t\t\t\t<\/div>\n\t\t\t\t\t<\/div>\n\t\t<\/div>\n\t\t\t\t<div class=\"elementor-column elementor-col-66 elementor-top-column elementor-element elementor-element-0d1c225\" data-id=\"0d1c225\" data-element_type=\"column\">\n\t\t\t<div class=\"elementor-widget-wrap elementor-element-populated\">\n\t\t\t\t\t\t<div class=\"elementor-element elementor-element-8bddba8 elementor-widget elementor-widget-heading\" data-id=\"8bddba8\" data-element_type=\"widget\" data-widget_type=\"heading.default\">\n\t\t\t\t<div class=\"elementor-widget-container\">\n\t\t\t<h2 class=\"elementor-heading-title elementor-size-medium\"><a href=\"https:\/\/www.instagram.com\/p\/CFsUVlBKHdL\/?utm_source=ig_web_copy_link\">QUI EST COACH  PIERRE ?<\/a><\/h2>\t\t<\/div>\n\t\t\t\t<\/div>\n\t\t\t\t<div class=\"elementor-element elementor-element-b808305 elementor-widget elementor-widget-text-editor\" data-id=\"b808305\" data-element_type=\"widget\" data-widget_type=\"text-editor.default\">\n\t\t\t\t<div class=\"elementor-widget-container\">\n\t\t\t\t\t\t\t<div dir=\"auto\">\u00ab Passionn\u00e9 de sport depuis mon plus jeune \u00e2ge avec le r\u00eave de devenir joueur de basketball professionnel.. Loup\u00e9, mais je savais que le sport \u00e9tait fait pour moi alors j\u2019ai su rebondir et continuer dans cette voie en me mettant de l\u2019autre c\u00f4t\u00e9 en tant que coach sportif.<\/div><div dir=\"auto\">J\u2019aide les personnes \u00e0 atteindre leurs objectifs et une meilleure version d&rsquo;eux-m\u00eames !<\/div><div dir=\"auto\">En tant que coach j\u2019ai \u00e9galement envie de transmettre mon \u00e9tat d\u2019esprit aux personnes qui m\u2019entourent, car je le dis souvent rien n\u2019est impossible, il faut juste le vouloir, mais en y allant step by step&#8230; Let\u2019s go now ! \u00bb PIERRE COACH<\/div>\t\t\t\t\t\t<\/div>\n\t\t\t\t<\/div>\n\t\t\t\t\t<\/div>\n\t\t<\/div>\n\t\t\t\t\t<\/div>\n\t\t<\/section>\n\t\t\t\t<section class=\"elementor-section elementor-top-section elementor-element elementor-element-80c5652 elementor-section-boxed elementor-section-height-default elementor-section-height-default\" data-id=\"80c5652\" data-element_type=\"section\">\n\t\t\t\t\t\t<div class=\"elementor-container elementor-column-gap-default\">\n\t\t\t\t\t<div class=\"elementor-column elementor-col-33 elementor-top-column elementor-element elementor-element-8556dd0\" data-id=\"8556dd0\" data-element_type=\"column\">\n\t\t\t<div class=\"elementor-widget-wrap\">\n\t\t\t\t\t\t\t<\/div>\n\t\t<\/div>\n\t\t\t\t<div class=\"elementor-column elementor-col-66 elementor-top-column elementor-element elementor-element-90e64ba\" data-id=\"90e64ba\" data-element_type=\"column\">\n\t\t\t<div class=\"elementor-widget-wrap\">\n\t\t\t\t\t\t\t<\/div>\n\t\t<\/div>\n\t\t\t\t\t<\/div>\n\t\t<\/section>\n\t\t\t\t<\/div>\n\t\t","protected":false},"excerpt":{"rendered":"<p>Sport Notre Corps , Notre premi\u00e8re maison, Nous sommes nos habitudes et ce que nous d\u00e9cidons d\u2019\u00eatre. La sant\u00e9 n\u2019a pas de prix comme on le dit bien souvent.\u00a0 En collaboration avec le coach sportif Pierre, pro training met \u00e0 disposition des sessions de sport pour tous, que ce soit pour des particuliers, mannequins et\/ou [&hellip;]<\/p>\n","protected":false},"author":1,"featured_media":0,"parent":0,"menu_order":0,"comment_status":"closed","ping_status":"closed","template":"","meta":{"site-sidebar-layout":"no-sidebar","site-content-layout":"page-builder","ast-site-content-layout":"","site-content-style":"default","site-sidebar-style":"default","ast-global-header-display":"","ast-banner-title-visibility":"","ast-main-header-display":"","ast-hfb-above-header-display":"","ast-hfb-below-header-display":"","ast-hfb-mobile-header-display":"","site-post-title":"disabled","ast-breadcrumbs-content":"","ast-featured-img":"disabled","footer-sml-layout":"","theme-transparent-header-meta":"enabled","adv-header-id-meta":"","stick-header-meta":"","header-above-stick-meta":"","header-main-stick-meta":"","header-below-stick-meta":"","astra-migrate-meta-layouts":"default","ast-page-background-enabled":"default","ast-page-background-meta":{"desktop":{"background-color":"var(--ast-global-color-4)","background-image":"","background-repeat":"repeat","background-position":"center center","background-size":"auto","background-attachment":"scroll","background-type":"","background-media":"","overlay-type":"","overlay-color":"","overlay-gradient":""},"tablet":{"background-color":"","background-image":"","background-repeat":"repeat","background-position":"center center","background-size":"auto","background-attachment":"scroll","background-type":"","background-media":"","overlay-type":"","overlay-color":"","overlay-gradient":""},"mobile":{"background-color":"","background-image":"","background-repeat":"repeat","background-position":"center center","background-size":"auto","background-attachment":"scroll","background-type":"","background-media":"","overlay-type":"","overlay-color":"","overlay-gradient":""}},"ast-content-background-meta":{"desktop":{"background-color":"var(--ast-global-color-5)","background-image":"","background-repeat":"repeat","background-position":"center center","background-size":"auto","background-attachment":"scroll","background-type":"","background-media":"","overlay-type":"","overlay-color":"","overlay-gradient":""},"tablet":{"background-color":"var(--ast-global-color-5)","background-image":"","background-repeat":"repeat","background-position":"center center","background-size":"auto","background-attachment":"scroll","background-type":"","background-media":"","overlay-type":"","overlay-color":"","overlay-gradient":""},"mobile":{"background-color":"var(--ast-global-color-5)","background-image":"","background-repeat":"repeat","background-position":"center center","background-size":"auto","background-attachment":"scroll","background-type":"","background-media":"","overlay-type":"","overlay-color":"","overlay-gradient":""}},"footnotes":""},"_links":{"self":[{"href":"https:\/\/protrainingmodels.fr\/PTM\/wp-json\/wp\/v2\/pages\/2182"}],"collection":[{"href":"https:\/\/protrainingmodels.fr\/PTM\/wp-json\/wp\/v2\/pages"}],"about":[{"href":"https:\/\/protrainingmodels.fr\/PTM\/wp-json\/wp\/v2\/types\/page"}],"author":[{"embeddable":true,"href":"https:\/\/protrainingmodels.fr\/PTM\/wp-json\/wp\/v2\/users\/1"}],"replies":[{"embeddable":true,"href":"https:\/\/protrainingmodels.fr\/PTM\/wp-json\/wp\/v2\/comments?post=2182"}],"version-history":[{"count":62,"href":"https:\/\/protrainingmodels.fr\/PTM\/wp-json\/wp\/v2\/pages\/2182\/revisions"}],"predecessor-version":[{"id":4329,"href":"https:\/\/protrainingmodels.fr\/PTM\/wp-json\/wp\/v2\/pages\/2182\/revisions\/4329"}],"wp:attachment":[{"href":"https:\/\/protrainingmodels.fr\/PTM\/wp-json\/wp\/v2\/media?parent=2182"}],"curies":[{"name":"wp","href":"https:\/\/api.w.org\/{rel}","templated":true}]}}