{"id":2562,"date":"2020-11-18T17:28:48","date_gmt":"2020-11-18T17:28:48","guid":{"rendered":"https:\/\/protrainingmodels.fr\/PTM\/?page_id=2562"},"modified":"2022-03-16T16:59:19","modified_gmt":"2022-03-16T16:59:19","slug":"styling","status":"publish","type":"page","link":"https:\/\/protrainingmodels.fr\/PTM\/styling\/","title":{"rendered":"Styling"},"content":{"rendered":"\t\t<div data-elementor-type=\"wp-page\" data-elementor-id=\"2562\" class=\"elementor elementor-2562\">\n\t\t\t\t\t\t<section class=\"elementor-section elementor-top-section elementor-element elementor-element-146cd19 elementor-section-content-middle elementor-section-boxed elementor-section-height-default elementor-section-height-default\" data-id=\"146cd19\" data-element_type=\"section\" data-settings=\"{&quot;background_background&quot;:&quot;classic&quot;}\">\n\t\t\t\t\t\t\t<div class=\"elementor-background-overlay\"><\/div>\n\t\t\t\t\t\t\t<div class=\"elementor-container elementor-column-gap-no\">\n\t\t\t\t\t<div class=\"elementor-column elementor-col-100 elementor-top-column elementor-element elementor-element-a90270d\" data-id=\"a90270d\" data-element_type=\"column\">\n\t\t\t<div class=\"elementor-widget-wrap elementor-element-populated\">\n\t\t\t\t\t\t\t<\/div>\n\t\t<\/div>\n\t\t\t\t\t<\/div>\n\t\t<\/section>\n\t\t\t\t<section class=\"elementor-section elementor-top-section elementor-element elementor-element-e05fd7c elementor-section-boxed elementor-section-height-default elementor-section-height-default\" data-id=\"e05fd7c\" data-element_type=\"section\">\n\t\t\t\t\t\t<div class=\"elementor-container elementor-column-gap-default\">\n\t\t\t\t\t<div class=\"elementor-column elementor-col-100 elementor-top-column elementor-element elementor-element-bc83089\" data-id=\"bc83089\" data-element_type=\"column\">\n\t\t\t<div class=\"elementor-widget-wrap elementor-element-populated\">\n\t\t\t\t\t\t<section class=\"elementor-section elementor-inner-section elementor-element elementor-element-d784051 elementor-section-boxed elementor-section-height-default elementor-section-height-default\" data-id=\"d784051\" data-element_type=\"section\">\n\t\t\t\t\t\t<div class=\"elementor-container elementor-column-gap-default\">\n\t\t\t\t\t<div class=\"elementor-column elementor-col-50 elementor-inner-column elementor-element elementor-element-0873427 elementor-hidden-phone\" data-id=\"0873427\" data-element_type=\"column\" data-settings=\"{&quot;background_background&quot;:&quot;classic&quot;}\">\n\t\t\t<div class=\"elementor-widget-wrap elementor-element-populated\">\n\t\t\t\t\t\t<div class=\"elementor-element elementor-element-af03bbd elementor-widget elementor-widget-image\" data-id=\"af03bbd\" data-element_type=\"widget\" data-widget_type=\"image.default\">\n\t\t\t\t<div class=\"elementor-widget-container\">\n\t\t\t\t\t\t\t\t\t\t\t\t\t<img fetchpriority=\"high\" decoding=\"async\" width=\"1024\" height=\"682\" src=\"https:\/\/protrainingmodels.fr\/PTM\/wp-content\/uploads\/2020\/11\/198A0246-2-1024x682.jpg\" class=\"attachment-large size-large wp-image-2787\" alt=\"\" srcset=\"https:\/\/protrainingmodels.fr\/PTM\/wp-content\/uploads\/2020\/11\/198A0246-2-1024x682.jpg 1024w, https:\/\/protrainingmodels.fr\/PTM\/wp-content\/uploads\/2020\/11\/198A0246-2-300x200.jpg 300w, https:\/\/protrainingmodels.fr\/PTM\/wp-content\/uploads\/2020\/11\/198A0246-2-768x512.jpg 768w, https:\/\/protrainingmodels.fr\/PTM\/wp-content\/uploads\/2020\/11\/198A0246-2-1536x1024.jpg 1536w, https:\/\/protrainingmodels.fr\/PTM\/wp-content\/uploads\/2020\/11\/198A0246-2-600x400.jpg 600w, https:\/\/protrainingmodels.fr\/PTM\/wp-content\/uploads\/2020\/11\/198A0246-2.jpg 2000w\" sizes=\"(max-width: 1024px) 100vw, 1024px\" \/>\t\t\t\t\t\t\t\t\t\t\t\t\t<\/div>\n\t\t\t\t<\/div>\n\t\t\t\t\t<\/div>\n\t\t<\/div>\n\t\t\t\t<div class=\"elementor-column elementor-col-50 elementor-inner-column elementor-element elementor-element-0cb29ba\" data-id=\"0cb29ba\" data-element_type=\"column\" data-settings=\"{&quot;background_background&quot;:&quot;classic&quot;}\">\n\t\t\t<div class=\"elementor-widget-wrap elementor-element-populated\">\n\t\t\t\t\t\t<div class=\"elementor-element elementor-element-cffe330 elementor-widget elementor-widget-heading\" data-id=\"cffe330\" data-element_type=\"widget\" data-widget_type=\"heading.default\">\n\t\t\t\t<div class=\"elementor-widget-container\">\n\t\t\t<h2 class=\"elementor-heading-title elementor-size-default\">Styling Training models<\/h2>\t\t<\/div>\n\t\t\t\t<\/div>\n\t\t\t\t<div class=\"elementor-element elementor-element-51af115 elementor-widget-divider--view-line elementor-widget elementor-widget-divider\" data-id=\"51af115\" data-element_type=\"widget\" data-widget_type=\"divider.default\">\n\t\t\t\t<div class=\"elementor-widget-container\">\n\t\t\t\t\t<div class=\"elementor-divider\">\n\t\t\t<span class=\"elementor-divider-separator\">\n\t\t\t\t\t\t<\/span>\n\t\t<\/div>\n\t\t\t\t<\/div>\n\t\t\t\t<\/div>\n\t\t\t\t<div class=\"elementor-element elementor-element-01c0604 elementor-widget elementor-widget-text-editor\" data-id=\"01c0604\" data-element_type=\"widget\" data-widget_type=\"text-editor.default\">\n\t\t\t\t<div class=\"elementor-widget-container\">\n\t\t\t\t\t\t\t<p><strong>L\u2019art<\/strong> ou <strong>l&rsquo;aptitude<\/strong> \u00e0 pouvoir agencer certains v\u00eatements, pi\u00e8ces ou accessoires d&rsquo;univers diff\u00e9rents.\u00a0Pouvoir cr\u00e9er des looks pour des occasions et univers bien pr\u00e9cis \u00e0 l\u2019instar des <strong>Shootings<\/strong> ou <strong>looks<\/strong><strong> styl\u00e9s<\/strong> pour un \u00e9v\u00e9nement voulu.<br \/><strong>Le \u00a0go\u00fbt de l\u2019habillement<\/strong>, du <strong>style vestimentaire<\/strong><em><strong>.<\/strong><\/em><\/p><p>La cr\u00e9ation r\u00e9sultante du fruit d&rsquo;un m\u00e9lange de pi\u00e8ces et de tissus pour donner un ensemble: beau, d\u00e9cal\u00e9 et sp\u00e9cial, personnel, atypique, sp\u00e9cial, simple, classique, Glamour, chic.<\/p><p>Tout ce que vous avez \u00e0 faire est de faire part de vos envies, <strong>Pro Training Models<\/strong> est charge du r\u00e9sultat attendu.<\/p>\t\t\t\t\t\t<\/div>\n\t\t\t\t<\/div>\n\t\t\t\t<div class=\"elementor-element elementor-element-a3418d6 elementor-widget elementor-widget-button\" data-id=\"a3418d6\" data-element_type=\"widget\" data-widget_type=\"button.default\">\n\t\t\t\t<div class=\"elementor-widget-container\">\n\t\t\t\t\t<div class=\"elementor-button-wrapper\">\n\t\t\t<a class=\"elementor-button elementor-button-link elementor-size-sm\" href=\"https:\/\/protrainingmodels.fr\/PTM\/book-now\/\">\n\t\t\t\t\t\t<span class=\"elementor-button-content-wrapper\">\n\t\t\t\t\t\t<span class=\"elementor-button-text\">BOOK NOW<\/span>\n\t\t<\/span>\n\t\t\t\t\t<\/a>\n\t\t<\/div>\n\t\t\t\t<\/div>\n\t\t\t\t<\/div>\n\t\t\t\t\t<\/div>\n\t\t<\/div>\n\t\t\t\t\t<\/div>\n\t\t<\/section>\n\t\t\t\t\t<\/div>\n\t\t<\/div>\n\t\t\t\t\t<\/div>\n\t\t<\/section>\n\t\t\t\t<section class=\"elementor-section elementor-top-section elementor-element elementor-element-db97b73 elementor-section-boxed elementor-section-height-default elementor-section-height-default\" data-id=\"db97b73\" data-element_type=\"section\" data-settings=\"{&quot;background_background&quot;:&quot;classic&quot;}\">\n\t\t\t\t\t\t<div class=\"elementor-container elementor-column-gap-default\">\n\t\t\t\t\t<div class=\"elementor-column elementor-col-100 elementor-top-column elementor-element elementor-element-3bb0de8\" data-id=\"3bb0de8\" data-element_type=\"column\">\n\t\t\t<div class=\"elementor-widget-wrap elementor-element-populated\">\n\t\t\t\t\t\t<div class=\"elementor-element elementor-element-000c597 elementor-widget elementor-widget-heading\" data-id=\"000c597\" data-element_type=\"widget\" data-widget_type=\"heading.default\">\n\t\t\t\t<div class=\"elementor-widget-container\">\n\t\t\t<h2 class=\"elementor-heading-title elementor-size-default\">Diff\u00e9rents Looks et Atmosph\u00e8re<\/h2>\t\t<\/div>\n\t\t\t\t<\/div>\n\t\t\t\t<div class=\"elementor-element elementor-element-3930333 elementor-widget-divider--view-line elementor-widget elementor-widget-divider\" data-id=\"3930333\" data-element_type=\"widget\" data-widget_type=\"divider.default\">\n\t\t\t\t<div class=\"elementor-widget-container\">\n\t\t\t\t\t<div class=\"elementor-divider\">\n\t\t\t<span class=\"elementor-divider-separator\">\n\t\t\t\t\t\t<\/span>\n\t\t<\/div>\n\t\t\t\t<\/div>\n\t\t\t\t<\/div>\n\t\t\t\t<div class=\"elementor-element elementor-element-c8c2cd7 elementor-widget-divider--view-line elementor-widget elementor-widget-divider\" data-id=\"c8c2cd7\" data-element_type=\"widget\" data-widget_type=\"divider.default\">\n\t\t\t\t<div class=\"elementor-widget-container\">\n\t\t\t\t\t<div class=\"elementor-divider\">\n\t\t\t<span class=\"elementor-divider-separator\">\n\t\t\t\t\t\t<\/span>\n\t\t<\/div>\n\t\t\t\t<\/div>\n\t\t\t\t<\/div>\n\t\t\t\t<div class=\"elementor-element elementor-element-00394c9 gallery-spacing-custom elementor-widget elementor-widget-image-gallery\" data-id=\"00394c9\" data-element_type=\"widget\" data-widget_type=\"image-gallery.default\">\n\t\t\t\t<div class=\"elementor-widget-container\">\n\t\t\t\t\t<div class=\"elementor-image-gallery\">\n\t\t\t<div id='gallery-1' class='gallery galleryid-2562 gallery-columns-4 gallery-size-shop_single'><figure class='gallery-item'>\n\t\t\t<div class='gallery-icon portrait'>\n\t\t\t\t<a data-elementor-open-lightbox=\"yes\" data-elementor-lightbox-slideshow=\"00394c9\" data-elementor-lightbox-title=\"Armelle-studio-3\" data-e-action-hash=\"#elementor-action%3Aaction%3Dlightbox%26settings%3DeyJpZCI6Mjc3NCwidXJsIjoiaHR0cHM6XC9cL3Byb3RyYWluaW5nbW9kZWxzLmZyXC9QVE1cL3dwLWNvbnRlbnRcL3VwbG9hZHNcLzIwMjBcLzExXC9Bcm1lbGxlLXN0dWRpby0zLmpwZyIsInNsaWRlc2hvdyI6IjAwMzk0YzkifQ%3D%3D\" href='https:\/\/protrainingmodels.fr\/PTM\/wp-content\/uploads\/2020\/11\/Armelle-studio-3.jpg'><img decoding=\"async\" width=\"500\" height=\"540\" src=\"https:\/\/protrainingmodels.fr\/PTM\/wp-content\/uploads\/2020\/11\/Armelle-studio-3.jpg\" class=\"attachment-shop_single size-shop_single\" alt=\"\" srcset=\"https:\/\/protrainingmodels.fr\/PTM\/wp-content\/uploads\/2020\/11\/Armelle-studio-3.jpg 500w, https:\/\/protrainingmodels.fr\/PTM\/wp-content\/uploads\/2020\/11\/Armelle-studio-3-278x300.jpg 278w\" sizes=\"(max-width: 500px) 100vw, 500px\" \/><\/a>\n\t\t\t<\/div><\/figure><figure class='gallery-item'>\n\t\t\t<div class='gallery-icon portrait'>\n\t\t\t\t<a data-elementor-open-lightbox=\"yes\" data-elementor-lightbox-slideshow=\"00394c9\" data-elementor-lightbox-title=\"Art-director-5\" data-e-action-hash=\"#elementor-action%3Aaction%3Dlightbox%26settings%3DeyJpZCI6Mjc3OCwidXJsIjoiaHR0cHM6XC9cL3Byb3RyYWluaW5nbW9kZWxzLmZyXC9QVE1cL3dwLWNvbnRlbnRcL3VwbG9hZHNcLzIwMjBcLzExXC9BcnQtZGlyZWN0b3ItNS5qcGciLCJzbGlkZXNob3ciOiIwMDM5NGM5In0%3D\" href='https:\/\/protrainingmodels.fr\/PTM\/wp-content\/uploads\/2020\/11\/Art-director-5.jpg'><img decoding=\"async\" width=\"500\" height=\"540\" src=\"https:\/\/protrainingmodels.fr\/PTM\/wp-content\/uploads\/2020\/11\/Art-director-5.jpg\" class=\"attachment-shop_single size-shop_single\" alt=\"\" srcset=\"https:\/\/protrainingmodels.fr\/PTM\/wp-content\/uploads\/2020\/11\/Art-director-5.jpg 500w, https:\/\/protrainingmodels.fr\/PTM\/wp-content\/uploads\/2020\/11\/Art-director-5-278x300.jpg 278w\" sizes=\"(max-width: 500px) 100vw, 500px\" \/><\/a>\n\t\t\t<\/div><\/figure><figure class='gallery-item'>\n\t\t\t<div class='gallery-icon portrait'>\n\t\t\t\t<a data-elementor-open-lightbox=\"yes\" data-elementor-lightbox-slideshow=\"00394c9\" data-elementor-lightbox-title=\"Armelle-studio-2\" data-e-action-hash=\"#elementor-action%3Aaction%3Dlightbox%26settings%3DeyJpZCI6Mjc3MywidXJsIjoiaHR0cHM6XC9cL3Byb3RyYWluaW5nbW9kZWxzLmZyXC9QVE1cL3dwLWNvbnRlbnRcL3VwbG9hZHNcLzIwMjBcLzExXC9Bcm1lbGxlLXN0dWRpby0yLmpwZyIsInNsaWRlc2hvdyI6IjAwMzk0YzkifQ%3D%3D\" href='https:\/\/protrainingmodels.fr\/PTM\/wp-content\/uploads\/2020\/11\/Armelle-studio-2.jpg'><img loading=\"lazy\" decoding=\"async\" width=\"500\" height=\"540\" src=\"https:\/\/protrainingmodels.fr\/PTM\/wp-content\/uploads\/2020\/11\/Armelle-studio-2.jpg\" class=\"attachment-shop_single size-shop_single\" alt=\"\" srcset=\"https:\/\/protrainingmodels.fr\/PTM\/wp-content\/uploads\/2020\/11\/Armelle-studio-2.jpg 500w, https:\/\/protrainingmodels.fr\/PTM\/wp-content\/uploads\/2020\/11\/Armelle-studio-2-278x300.jpg 278w\" sizes=\"(max-width: 500px) 100vw, 500px\" \/><\/a>\n\t\t\t<\/div><\/figure><figure class='gallery-item'>\n\t\t\t<div class='gallery-icon portrait'>\n\t\t\t\t<a data-elementor-open-lightbox=\"yes\" data-elementor-lightbox-slideshow=\"00394c9\" data-elementor-lightbox-title=\"IMG-4587\" data-e-action-hash=\"#elementor-action%3Aaction%3Dlightbox%26settings%3DeyJpZCI6NDAwNiwidXJsIjoiaHR0cHM6XC9cL3Byb3RyYWluaW5nbW9kZWxzLmZyXC9QVE1cL3dwLWNvbnRlbnRcL3VwbG9hZHNcLzIwMjFcLzEyXC9JTUctNDU4Ny5qcGciLCJzbGlkZXNob3ciOiIwMDM5NGM5In0%3D\" href='https:\/\/protrainingmodels.fr\/PTM\/wp-content\/uploads\/2021\/12\/IMG-4587.jpg'><img loading=\"lazy\" decoding=\"async\" width=\"600\" height=\"750\" src=\"https:\/\/protrainingmodels.fr\/PTM\/wp-content\/uploads\/2021\/12\/IMG-4587-600x750.jpg\" class=\"attachment-shop_single size-shop_single\" alt=\"\" srcset=\"https:\/\/protrainingmodels.fr\/PTM\/wp-content\/uploads\/2021\/12\/IMG-4587-600x750.jpg 600w, https:\/\/protrainingmodels.fr\/PTM\/wp-content\/uploads\/2021\/12\/IMG-4587-240x300.jpg 240w, https:\/\/protrainingmodels.fr\/PTM\/wp-content\/uploads\/2021\/12\/IMG-4587-819x1024.jpg 819w, https:\/\/protrainingmodels.fr\/PTM\/wp-content\/uploads\/2021\/12\/IMG-4587-768x960.jpg 768w, https:\/\/protrainingmodels.fr\/PTM\/wp-content\/uploads\/2021\/12\/IMG-4587-1229x1536.jpg 1229w, https:\/\/protrainingmodels.fr\/PTM\/wp-content\/uploads\/2021\/12\/IMG-4587.jpg 1585w\" sizes=\"(max-width: 600px) 100vw, 600px\" \/><\/a>\n\t\t\t<\/div><\/figure><figure class='gallery-item'>\n\t\t\t<div class='gallery-icon portrait'>\n\t\t\t\t<a data-elementor-open-lightbox=\"yes\" data-elementor-lightbox-slideshow=\"00394c9\" data-elementor-lightbox-title=\"IMG-5422\" data-e-action-hash=\"#elementor-action%3Aaction%3Dlightbox%26settings%3DeyJpZCI6NDAwMywidXJsIjoiaHR0cHM6XC9cL3Byb3RyYWluaW5nbW9kZWxzLmZyXC9QVE1cL3dwLWNvbnRlbnRcL3VwbG9hZHNcLzIwMjFcLzEyXC9JTUctNTQyMi1zY2FsZWQuanBlZyIsInNsaWRlc2hvdyI6IjAwMzk0YzkifQ%3D%3D\" href='https:\/\/protrainingmodels.fr\/PTM\/wp-content\/uploads\/2021\/12\/IMG-5422-scaled.jpeg'><img loading=\"lazy\" decoding=\"async\" width=\"600\" height=\"900\" src=\"https:\/\/protrainingmodels.fr\/PTM\/wp-content\/uploads\/2021\/12\/IMG-5422-600x900.jpeg\" class=\"attachment-shop_single size-shop_single\" alt=\"\" srcset=\"https:\/\/protrainingmodels.fr\/PTM\/wp-content\/uploads\/2021\/12\/IMG-5422-600x900.jpeg 600w, https:\/\/protrainingmodels.fr\/PTM\/wp-content\/uploads\/2021\/12\/IMG-5422-200x300.jpeg 200w, https:\/\/protrainingmodels.fr\/PTM\/wp-content\/uploads\/2021\/12\/IMG-5422-683x1024.jpeg 683w, https:\/\/protrainingmodels.fr\/PTM\/wp-content\/uploads\/2021\/12\/IMG-5422-768x1152.jpeg 768w, https:\/\/protrainingmodels.fr\/PTM\/wp-content\/uploads\/2021\/12\/IMG-5422-1024x1536.jpeg 1024w, https:\/\/protrainingmodels.fr\/PTM\/wp-content\/uploads\/2021\/12\/IMG-5422-1365x2048.jpeg 1365w, https:\/\/protrainingmodels.fr\/PTM\/wp-content\/uploads\/2021\/12\/IMG-5422-scaled.jpeg 1707w\" sizes=\"(max-width: 600px) 100vw, 600px\" \/><\/a>\n\t\t\t<\/div><\/figure><figure class='gallery-item'>\n\t\t\t<div class='gallery-icon portrait'>\n\t\t\t\t<a data-elementor-open-lightbox=\"yes\" data-elementor-lightbox-slideshow=\"00394c9\" data-elementor-lightbox-title=\"IMG-4567\" data-e-action-hash=\"#elementor-action%3Aaction%3Dlightbox%26settings%3DeyJpZCI6NDAwNywidXJsIjoiaHR0cHM6XC9cL3Byb3RyYWluaW5nbW9kZWxzLmZyXC9QVE1cL3dwLWNvbnRlbnRcL3VwbG9hZHNcLzIwMjFcLzEyXC9JTUctNDU2Ny5qcGVnIiwic2xpZGVzaG93IjoiMDAzOTRjOSJ9\" href='https:\/\/protrainingmodels.fr\/PTM\/wp-content\/uploads\/2021\/12\/IMG-4567.jpeg'><img loading=\"lazy\" decoding=\"async\" width=\"600\" height=\"744\" src=\"https:\/\/protrainingmodels.fr\/PTM\/wp-content\/uploads\/2021\/12\/IMG-4567-600x744.jpeg\" class=\"attachment-shop_single size-shop_single\" alt=\"\" srcset=\"https:\/\/protrainingmodels.fr\/PTM\/wp-content\/uploads\/2021\/12\/IMG-4567-600x744.jpeg 600w, https:\/\/protrainingmodels.fr\/PTM\/wp-content\/uploads\/2021\/12\/IMG-4567-242x300.jpeg 242w, https:\/\/protrainingmodels.fr\/PTM\/wp-content\/uploads\/2021\/12\/IMG-4567-826x1024.jpeg 826w, https:\/\/protrainingmodels.fr\/PTM\/wp-content\/uploads\/2021\/12\/IMG-4567-768x952.jpeg 768w, https:\/\/protrainingmodels.fr\/PTM\/wp-content\/uploads\/2021\/12\/IMG-4567-1239x1536.jpeg 1239w, https:\/\/protrainingmodels.fr\/PTM\/wp-content\/uploads\/2021\/12\/IMG-4567.jpeg 1242w\" sizes=\"(max-width: 600px) 100vw, 600px\" \/><\/a>\n\t\t\t<\/div><\/figure><figure class='gallery-item'>\n\t\t\t<div class='gallery-icon portrait'>\n\t\t\t\t<a data-elementor-open-lightbox=\"yes\" data-elementor-lightbox-slideshow=\"00394c9\" data-elementor-lightbox-title=\"IMG-0474\" data-e-action-hash=\"#elementor-action%3Aaction%3Dlightbox%26settings%3DeyJpZCI6NDAwMCwidXJsIjoiaHR0cHM6XC9cL3Byb3RyYWluaW5nbW9kZWxzLmZyXC9QVE1cL3dwLWNvbnRlbnRcL3VwbG9hZHNcLzIwMjFcLzEyXC9JTUctMDQ3NC1zY2FsZWQuanBlZyIsInNsaWRlc2hvdyI6IjAwMzk0YzkifQ%3D%3D\" href='https:\/\/protrainingmodels.fr\/PTM\/wp-content\/uploads\/2021\/12\/IMG-0474-scaled.jpeg'><img loading=\"lazy\" decoding=\"async\" width=\"600\" height=\"1125\" src=\"https:\/\/protrainingmodels.fr\/PTM\/wp-content\/uploads\/2021\/12\/IMG-0474-600x1125.jpeg\" class=\"attachment-shop_single size-shop_single\" alt=\"\" srcset=\"https:\/\/protrainingmodels.fr\/PTM\/wp-content\/uploads\/2021\/12\/IMG-0474-600x1125.jpeg 600w, https:\/\/protrainingmodels.fr\/PTM\/wp-content\/uploads\/2021\/12\/IMG-0474-160x300.jpeg 160w, https:\/\/protrainingmodels.fr\/PTM\/wp-content\/uploads\/2021\/12\/IMG-0474-546x1024.jpeg 546w, https:\/\/protrainingmodels.fr\/PTM\/wp-content\/uploads\/2021\/12\/IMG-0474-768x1440.jpeg 768w, https:\/\/protrainingmodels.fr\/PTM\/wp-content\/uploads\/2021\/12\/IMG-0474-819x1536.jpeg 819w, https:\/\/protrainingmodels.fr\/PTM\/wp-content\/uploads\/2021\/12\/IMG-0474-1092x2048.jpeg 1092w, https:\/\/protrainingmodels.fr\/PTM\/wp-content\/uploads\/2021\/12\/IMG-0474-scaled.jpeg 1365w\" sizes=\"(max-width: 600px) 100vw, 600px\" \/><\/a>\n\t\t\t<\/div><\/figure><figure class='gallery-item'>\n\t\t\t<div class='gallery-icon portrait'>\n\t\t\t\t<a data-elementor-open-lightbox=\"yes\" data-elementor-lightbox-slideshow=\"00394c9\" data-elementor-lightbox-title=\"IMG-0476\" data-e-action-hash=\"#elementor-action%3Aaction%3Dlightbox%26settings%3DeyJpZCI6NDAwMSwidXJsIjoiaHR0cHM6XC9cL3Byb3RyYWluaW5nbW9kZWxzLmZyXC9QVE1cL3dwLWNvbnRlbnRcL3VwbG9hZHNcLzIwMjFcLzEyXC9JTUctMDQ3Ni1zY2FsZWQuanBlZyIsInNsaWRlc2hvdyI6IjAwMzk0YzkifQ%3D%3D\" href='https:\/\/protrainingmodels.fr\/PTM\/wp-content\/uploads\/2021\/12\/IMG-0476-scaled.jpeg'><img loading=\"lazy\" decoding=\"async\" width=\"600\" height=\"946\" src=\"https:\/\/protrainingmodels.fr\/PTM\/wp-content\/uploads\/2021\/12\/IMG-0476-600x946.jpeg\" class=\"attachment-shop_single size-shop_single\" alt=\"\" srcset=\"https:\/\/protrainingmodels.fr\/PTM\/wp-content\/uploads\/2021\/12\/IMG-0476-600x946.jpeg 600w, https:\/\/protrainingmodels.fr\/PTM\/wp-content\/uploads\/2021\/12\/IMG-0476-190x300.jpeg 190w, https:\/\/protrainingmodels.fr\/PTM\/wp-content\/uploads\/2021\/12\/IMG-0476-649x1024.jpeg 649w, https:\/\/protrainingmodels.fr\/PTM\/wp-content\/uploads\/2021\/12\/IMG-0476-768x1211.jpeg 768w, https:\/\/protrainingmodels.fr\/PTM\/wp-content\/uploads\/2021\/12\/IMG-0476-974x1536.jpeg 974w, https:\/\/protrainingmodels.fr\/PTM\/wp-content\/uploads\/2021\/12\/IMG-0476-1299x2048.jpeg 1299w, https:\/\/protrainingmodels.fr\/PTM\/wp-content\/uploads\/2021\/12\/IMG-0476-scaled.jpeg 1624w\" sizes=\"(max-width: 600px) 100vw, 600px\" \/><\/a>\n\t\t\t<\/div><\/figure>\n\t\t<\/div>\n\t\t<\/div>\n\t\t\t\t<\/div>\n\t\t\t\t<\/div>\n\t\t\t\t\t<\/div>\n\t\t<\/div>\n\t\t\t\t\t<\/div>\n\t\t<\/section>\n\t\t\t\t<\/div>\n\t\t","protected":false},"excerpt":{"rendered":"<p>Styling Training models L\u2019art ou l&rsquo;aptitude \u00e0 pouvoir agencer certains v\u00eatements, pi\u00e8ces ou accessoires d&rsquo;univers diff\u00e9rents.\u00a0Pouvoir cr\u00e9er des looks pour des occasions et univers bien pr\u00e9cis \u00e0 l\u2019instar des Shootings ou looks styl\u00e9s pour un \u00e9v\u00e9nement voulu.Le \u00a0go\u00fbt de l\u2019habillement, du style vestimentaire. La cr\u00e9ation r\u00e9sultante du fruit d&rsquo;un m\u00e9lange de pi\u00e8ces et de tissus [&hellip;]<\/p>\n","protected":false},"author":1,"featured_media":0,"parent":0,"menu_order":0,"comment_status":"closed","ping_status":"closed","template":"","meta":{"site-sidebar-layout":"no-sidebar","site-content-layout":"page-builder","ast-site-content-layout":"","site-content-style":"default","site-sidebar-style":"default","ast-global-header-display":"","ast-banner-title-visibility":"","ast-main-header-display":"","ast-hfb-above-header-display":"","ast-hfb-below-header-display":"","ast-hfb-mobile-header-display":"","site-post-title":"disabled","ast-breadcrumbs-content":"","ast-featured-img":"disabled","footer-sml-layout":"","theme-transparent-header-meta":"enabled","adv-header-id-meta":"","stick-header-meta":"","header-above-stick-meta":"","header-main-stick-meta":"","header-below-stick-meta":"","astra-migrate-meta-layouts":"default","ast-page-background-enabled":"default","ast-page-background-meta":{"desktop":{"background-color":"var(--ast-global-color-4)","background-image":"","background-repeat":"repeat","background-position":"center center","background-size":"auto","background-attachment":"scroll","background-type":"","background-media":"","overlay-type":"","overlay-color":"","overlay-gradient":""},"tablet":{"background-color":"","background-image":"","background-repeat":"repeat","background-position":"center center","background-size":"auto","background-attachment":"scroll","background-type":"","background-media":"","overlay-type":"","overlay-color":"","overlay-gradient":""},"mobile":{"background-color":"","background-image":"","background-repeat":"repeat","background-position":"center center","background-size":"auto","background-attachment":"scroll","background-type":"","background-media":"","overlay-type":"","overlay-color":"","overlay-gradient":""}},"ast-content-background-meta":{"desktop":{"background-color":"var(--ast-global-color-5)","background-image":"","background-repeat":"repeat","background-position":"center center","background-size":"auto","background-attachment":"scroll","background-type":"","background-media":"","overlay-type":"","overlay-color":"","overlay-gradient":""},"tablet":{"background-color":"var(--ast-global-color-5)","background-image":"","background-repeat":"repeat","background-position":"center center","background-size":"auto","background-attachment":"scroll","background-type":"","background-media":"","overlay-type":"","overlay-color":"","overlay-gradient":""},"mobile":{"background-color":"var(--ast-global-color-5)","background-image":"","background-repeat":"repeat","background-position":"center center","background-size":"auto","background-attachment":"scroll","background-type":"","background-media":"","overlay-type":"","overlay-color":"","overlay-gradient":""}},"footnotes":""},"_links":{"self":[{"href":"https:\/\/protrainingmodels.fr\/PTM\/wp-json\/wp\/v2\/pages\/2562"}],"collection":[{"href":"https:\/\/protrainingmodels.fr\/PTM\/wp-json\/wp\/v2\/pages"}],"about":[{"href":"https:\/\/protrainingmodels.fr\/PTM\/wp-json\/wp\/v2\/types\/page"}],"author":[{"embeddable":true,"href":"https:\/\/protrainingmodels.fr\/PTM\/wp-json\/wp\/v2\/users\/1"}],"replies":[{"embeddable":true,"href":"https:\/\/protrainingmodels.fr\/PTM\/wp-json\/wp\/v2\/comments?post=2562"}],"version-history":[{"count":33,"href":"https:\/\/protrainingmodels.fr\/PTM\/wp-json\/wp\/v2\/pages\/2562\/revisions"}],"predecessor-version":[{"id":4317,"href":"https:\/\/protrainingmodels.fr\/PTM\/wp-json\/wp\/v2\/pages\/2562\/revisions\/4317"}],"wp:attachment":[{"href":"https:\/\/protrainingmodels.fr\/PTM\/wp-json\/wp\/v2\/media?parent=2562"}],"curies":[{"name":"wp","href":"https:\/\/api.w.org\/{rel}","templated":true}]}}