{"id":2795,"date":"2020-11-26T13:31:06","date_gmt":"2020-11-26T13:31:06","guid":{"rendered":"https:\/\/protrainingmodels.fr\/PTM\/?page_id=2795"},"modified":"2021-12-20T09:14:03","modified_gmt":"2021-12-20T09:14:03","slug":"vlog","status":"publish","type":"page","link":"https:\/\/protrainingmodels.fr\/PTM\/vlog\/","title":{"rendered":"Vlog"},"content":{"rendered":"\t\t<div data-elementor-type=\"wp-page\" data-elementor-id=\"2795\" class=\"elementor elementor-2795\">\n\t\t\t\t\t\t<section class=\"elementor-section elementor-top-section elementor-element elementor-element-3ee1453 elementor-section-content-middle elementor-section-boxed elementor-section-height-default elementor-section-height-default\" data-id=\"3ee1453\" data-element_type=\"section\" data-settings=\"{&quot;background_background&quot;:&quot;classic&quot;}\">\n\t\t\t\t\t\t\t<div class=\"elementor-background-overlay\"><\/div>\n\t\t\t\t\t\t\t<div class=\"elementor-container elementor-column-gap-no\">\n\t\t\t\t\t<div class=\"elementor-column elementor-col-100 elementor-top-column elementor-element elementor-element-94313bb\" data-id=\"94313bb\" data-element_type=\"column\">\n\t\t\t<div class=\"elementor-widget-wrap elementor-element-populated\">\n\t\t\t\t\t\t\t<\/div>\n\t\t<\/div>\n\t\t\t\t\t<\/div>\n\t\t<\/section>\n\t\t\t\t<section class=\"elementor-section elementor-top-section elementor-element elementor-element-27a5e01 elementor-section-boxed elementor-section-height-default elementor-section-height-default\" data-id=\"27a5e01\" data-element_type=\"section\">\n\t\t\t\t\t\t<div class=\"elementor-container elementor-column-gap-default\">\n\t\t\t\t\t<div class=\"elementor-column elementor-col-100 elementor-top-column elementor-element elementor-element-a85448b\" data-id=\"a85448b\" data-element_type=\"column\">\n\t\t\t<div class=\"elementor-widget-wrap elementor-element-populated\">\n\t\t\t\t\t\t<div class=\"elementor-element elementor-element-3a48a36 elementor-widget elementor-widget-heading\" data-id=\"3a48a36\" data-element_type=\"widget\" data-widget_type=\"heading.default\">\n\t\t\t\t<div class=\"elementor-widget-container\">\n\t\t\t<h2 class=\"elementor-heading-title elementor-size-default\">News<\/h2>\t\t<\/div>\n\t\t\t\t<\/div>\n\t\t\t\t\t<\/div>\n\t\t<\/div>\n\t\t\t\t\t<\/div>\n\t\t<\/section>\n\t\t\t\t<section class=\"elementor-section elementor-top-section elementor-element elementor-element-aadef9f elementor-section-boxed elementor-section-height-default elementor-section-height-default elementor-invisible\" data-id=\"aadef9f\" data-element_type=\"section\" data-settings=\"{&quot;animation&quot;:&quot;fadeInLeft&quot;}\">\n\t\t\t\t\t\t<div class=\"elementor-container elementor-column-gap-default\">\n\t\t\t\t\t<div class=\"elementor-column elementor-col-25 elementor-top-column elementor-element elementor-element-b96fe85\" data-id=\"b96fe85\" data-element_type=\"column\">\n\t\t\t<div class=\"elementor-widget-wrap elementor-element-populated\">\n\t\t\t\t\t\t<div class=\"elementor-element elementor-element-b947030 elementor-widget elementor-widget-image\" data-id=\"b947030\" data-element_type=\"widget\" data-widget_type=\"image.default\">\n\t\t\t\t<div class=\"elementor-widget-container\">\n\t\t\t\t\t\t\t\t\t\t\t\t\t<img fetchpriority=\"high\" decoding=\"async\" width=\"191\" height=\"300\" src=\"https:\/\/protrainingmodels.fr\/PTM\/wp-content\/uploads\/2021\/12\/Capture-de\u0301cran-2021-12-20-a\u0300-09.47.09-191x300.png\" class=\"attachment-medium size-medium wp-image-4044\" alt=\"\" srcset=\"https:\/\/protrainingmodels.fr\/PTM\/wp-content\/uploads\/2021\/12\/Capture-de\u0301cran-2021-12-20-a\u0300-09.47.09-191x300.png 191w, https:\/\/protrainingmodels.fr\/PTM\/wp-content\/uploads\/2021\/12\/Capture-de\u0301cran-2021-12-20-a\u0300-09.47.09-653x1024.png 653w, https:\/\/protrainingmodels.fr\/PTM\/wp-content\/uploads\/2021\/12\/Capture-de\u0301cran-2021-12-20-a\u0300-09.47.09-768x1204.png 768w, https:\/\/protrainingmodels.fr\/PTM\/wp-content\/uploads\/2021\/12\/Capture-de\u0301cran-2021-12-20-a\u0300-09.47.09-980x1536.png 980w, https:\/\/protrainingmodels.fr\/PTM\/wp-content\/uploads\/2021\/12\/Capture-de\u0301cran-2021-12-20-a\u0300-09.47.09-600x941.png 600w, https:\/\/protrainingmodels.fr\/PTM\/wp-content\/uploads\/2021\/12\/Capture-de\u0301cran-2021-12-20-a\u0300-09.47.09.png 1057w\" sizes=\"(max-width: 191px) 100vw, 191px\" \/>\t\t\t\t\t\t\t\t\t\t\t\t\t<\/div>\n\t\t\t\t<\/div>\n\t\t\t\t\t<\/div>\n\t\t<\/div>\n\t\t\t\t<div class=\"elementor-column elementor-col-25 elementor-top-column elementor-element elementor-element-a7df8b6\" data-id=\"a7df8b6\" data-element_type=\"column\">\n\t\t\t<div class=\"elementor-widget-wrap elementor-element-populated\">\n\t\t\t\t\t\t<div class=\"elementor-element elementor-element-881232b elementor-widget elementor-widget-image\" data-id=\"881232b\" data-element_type=\"widget\" data-widget_type=\"image.default\">\n\t\t\t\t<div class=\"elementor-widget-container\">\n\t\t\t\t\t\t\t\t\t\t\t\t\t<img decoding=\"async\" width=\"300\" height=\"300\" src=\"https:\/\/protrainingmodels.fr\/PTM\/wp-content\/uploads\/2021\/12\/251850620_5217296791620912_1804538142096301408_n-300x300.jpeg\" class=\"attachment-medium size-medium wp-image-4039\" alt=\"\" srcset=\"https:\/\/protrainingmodels.fr\/PTM\/wp-content\/uploads\/2021\/12\/251850620_5217296791620912_1804538142096301408_n-300x300.jpeg 300w, https:\/\/protrainingmodels.fr\/PTM\/wp-content\/uploads\/2021\/12\/251850620_5217296791620912_1804538142096301408_n-1024x1024.jpeg 1024w, https:\/\/protrainingmodels.fr\/PTM\/wp-content\/uploads\/2021\/12\/251850620_5217296791620912_1804538142096301408_n-150x150.jpeg 150w, https:\/\/protrainingmodels.fr\/PTM\/wp-content\/uploads\/2021\/12\/251850620_5217296791620912_1804538142096301408_n-768x768.jpeg 768w, https:\/\/protrainingmodels.fr\/PTM\/wp-content\/uploads\/2021\/12\/251850620_5217296791620912_1804538142096301408_n-600x600.jpeg 600w, https:\/\/protrainingmodels.fr\/PTM\/wp-content\/uploads\/2021\/12\/251850620_5217296791620912_1804538142096301408_n-100x100.jpeg 100w, https:\/\/protrainingmodels.fr\/PTM\/wp-content\/uploads\/2021\/12\/251850620_5217296791620912_1804538142096301408_n.jpeg 1080w\" sizes=\"(max-width: 300px) 100vw, 300px\" \/>\t\t\t\t\t\t\t\t\t\t\t\t\t<\/div>\n\t\t\t\t<\/div>\n\t\t\t\t\t<\/div>\n\t\t<\/div>\n\t\t\t\t<div class=\"elementor-column elementor-col-25 elementor-top-column elementor-element elementor-element-567fea9\" data-id=\"567fea9\" data-element_type=\"column\">\n\t\t\t<div class=\"elementor-widget-wrap elementor-element-populated\">\n\t\t\t\t\t\t<div class=\"elementor-element elementor-element-f07a07b elementor-widget elementor-widget-image\" data-id=\"f07a07b\" data-element_type=\"widget\" data-widget_type=\"image.default\">\n\t\t\t\t<div class=\"elementor-widget-container\">\n\t\t\t\t\t\t\t\t\t\t\t\t\t<img decoding=\"async\" width=\"191\" height=\"300\" src=\"https:\/\/protrainingmodels.fr\/PTM\/wp-content\/uploads\/2021\/10\/IMG-3520-191x300.jpg\" class=\"attachment-medium size-medium wp-image-3321\" alt=\"\" srcset=\"https:\/\/protrainingmodels.fr\/PTM\/wp-content\/uploads\/2021\/10\/IMG-3520-191x300.jpg 191w, https:\/\/protrainingmodels.fr\/PTM\/wp-content\/uploads\/2021\/10\/IMG-3520-652x1024.jpg 652w, https:\/\/protrainingmodels.fr\/PTM\/wp-content\/uploads\/2021\/10\/IMG-3520-768x1205.jpg 768w, https:\/\/protrainingmodels.fr\/PTM\/wp-content\/uploads\/2021\/10\/IMG-3520-979x1536.jpg 979w, https:\/\/protrainingmodels.fr\/PTM\/wp-content\/uploads\/2021\/10\/IMG-3520-600x942.jpg 600w, https:\/\/protrainingmodels.fr\/PTM\/wp-content\/uploads\/2021\/10\/IMG-3520.jpg 992w\" sizes=\"(max-width: 191px) 100vw, 191px\" \/>\t\t\t\t\t\t\t\t\t\t\t\t\t<\/div>\n\t\t\t\t<\/div>\n\t\t\t\t\t<\/div>\n\t\t<\/div>\n\t\t\t\t<div class=\"elementor-column elementor-col-25 elementor-top-column elementor-element elementor-element-aadafeb\" data-id=\"aadafeb\" data-element_type=\"column\">\n\t\t\t<div class=\"elementor-widget-wrap elementor-element-populated\">\n\t\t\t\t\t\t<div class=\"elementor-element elementor-element-93165a4 elementor-widget elementor-widget-image\" data-id=\"93165a4\" data-element_type=\"widget\" data-widget_type=\"image.default\">\n\t\t\t\t<div class=\"elementor-widget-container\">\n\t\t\t\t\t\t\t\t\t\t\t\t\t<img loading=\"lazy\" decoding=\"async\" width=\"300\" height=\"200\" src=\"https:\/\/protrainingmodels.fr\/PTM\/wp-content\/uploads\/2021\/10\/O6A1169-min-300x200.jpg\" class=\"attachment-medium size-medium wp-image-3270\" alt=\"\" srcset=\"https:\/\/protrainingmodels.fr\/PTM\/wp-content\/uploads\/2021\/10\/O6A1169-min-300x200.jpg 300w, https:\/\/protrainingmodels.fr\/PTM\/wp-content\/uploads\/2021\/10\/O6A1169-min-1024x683.jpg 1024w, https:\/\/protrainingmodels.fr\/PTM\/wp-content\/uploads\/2021\/10\/O6A1169-min-768x512.jpg 768w, https:\/\/protrainingmodels.fr\/PTM\/wp-content\/uploads\/2021\/10\/O6A1169-min-1536x1024.jpg 1536w, https:\/\/protrainingmodels.fr\/PTM\/wp-content\/uploads\/2021\/10\/O6A1169-min-2048x1365.jpg 2048w, https:\/\/protrainingmodels.fr\/PTM\/wp-content\/uploads\/2021\/10\/O6A1169-min-600x400.jpg 600w\" sizes=\"(max-width: 300px) 100vw, 300px\" \/>\t\t\t\t\t\t\t\t\t\t\t\t\t<\/div>\n\t\t\t\t<\/div>\n\t\t\t\t\t<\/div>\n\t\t<\/div>\n\t\t\t\t\t<\/div>\n\t\t<\/section>\n\t\t\t\t<section class=\"elementor-section elementor-top-section elementor-element elementor-element-b372109 elementor-section-boxed elementor-section-height-default elementor-section-height-default\" data-id=\"b372109\" data-element_type=\"section\">\n\t\t\t\t\t\t<div class=\"elementor-container elementor-column-gap-default\">\n\t\t\t\t\t<div class=\"elementor-column elementor-col-100 elementor-top-column elementor-element elementor-element-92370f0\" data-id=\"92370f0\" data-element_type=\"column\">\n\t\t\t<div class=\"elementor-widget-wrap elementor-element-populated\">\n\t\t\t\t\t\t<div class=\"elementor-element elementor-element-02c95c9 elementor-align-center elementor-widget elementor-widget-button\" data-id=\"02c95c9\" data-element_type=\"widget\" data-widget_type=\"button.default\">\n\t\t\t\t<div class=\"elementor-widget-container\">\n\t\t\t\t\t<div class=\"elementor-button-wrapper\">\n\t\t\t<a class=\"elementor-button elementor-button-link elementor-size-sm\" href=\"https:\/\/protrainingmodels.fr\/PTM\/news\/\">\n\t\t\t\t\t\t<span class=\"elementor-button-content-wrapper\">\n\t\t\t\t\t\t<span class=\"elementor-button-text\">LIRE TOUTE L'ACTUALIT\u00c9 ICI<\/span>\n\t\t<\/span>\n\t\t\t\t\t<\/a>\n\t\t<\/div>\n\t\t\t\t<\/div>\n\t\t\t\t<\/div>\n\t\t\t\t\t<\/div>\n\t\t<\/div>\n\t\t\t\t\t<\/div>\n\t\t<\/section>\n\t\t\t\t<section class=\"elementor-section elementor-top-section elementor-element elementor-element-61c178f elementor-section-content-bottom elementor-section-boxed elementor-section-height-default elementor-section-height-default\" data-id=\"61c178f\" data-element_type=\"section\" data-settings=\"{&quot;background_background&quot;:&quot;classic&quot;}\">\n\t\t\t\t\t\t<div class=\"elementor-container elementor-column-gap-default\">\n\t\t\t\t\t<div class=\"elementor-column elementor-col-100 elementor-top-column elementor-element elementor-element-845f959\" data-id=\"845f959\" data-element_type=\"column\">\n\t\t\t<div class=\"elementor-widget-wrap elementor-element-populated\">\n\t\t\t\t\t\t<div class=\"elementor-element elementor-element-acacf1d elementor-widget elementor-widget-heading\" data-id=\"acacf1d\" data-element_type=\"widget\" data-widget_type=\"heading.default\">\n\t\t\t\t<div class=\"elementor-widget-container\">\n\t\t\t<h2 class=\"elementor-heading-title elementor-size-default\">Vlog<\/h2>\t\t<\/div>\n\t\t\t\t<\/div>\n\t\t\t\t<div class=\"elementor-element elementor-element-1a1e4a0 elementor-widget-divider--view-line elementor-widget elementor-widget-divider\" data-id=\"1a1e4a0\" data-element_type=\"widget\" data-widget_type=\"divider.default\">\n\t\t\t\t<div class=\"elementor-widget-container\">\n\t\t\t\t\t<div class=\"elementor-divider\">\n\t\t\t<span class=\"elementor-divider-separator\">\n\t\t\t\t\t\t<\/span>\n\t\t<\/div>\n\t\t\t\t<\/div>\n\t\t\t\t<\/div>\n\t\t\t\t<div class=\"elementor-element elementor-element-5bed02e elementor-widget elementor-widget-text-editor\" data-id=\"5bed02e\" data-element_type=\"widget\" data-widget_type=\"text-editor.default\">\n\t\t\t\t<div class=\"elementor-widget-container\">\n\t\t\t\t\t\t\t<p>La vie en vid\u00e9o est parfois plus attractive. Bravo, vous avez devin\u00e9, l&rsquo;actualit\u00e9 en vid\u00e9o se passera ici.\u00a0\u00a0<\/p>\t\t\t\t\t\t<\/div>\n\t\t\t\t<\/div>\n\t\t\t\t\t<\/div>\n\t\t<\/div>\n\t\t\t\t\t<\/div>\n\t\t<\/section>\n\t\t\t\t<section class=\"elementor-section elementor-top-section elementor-element elementor-element-30aa34e elementor-section-boxed elementor-section-height-default elementor-section-height-default\" data-id=\"30aa34e\" data-element_type=\"section\">\n\t\t\t\t\t\t<div class=\"elementor-container elementor-column-gap-default\">\n\t\t\t\t\t<div class=\"elementor-column elementor-col-100 elementor-top-column elementor-element elementor-element-6e8eb30\" data-id=\"6e8eb30\" data-element_type=\"column\">\n\t\t\t<div class=\"elementor-widget-wrap elementor-element-populated\">\n\t\t\t\t\t\t<div class=\"elementor-element elementor-element-07a530b elementor-widget elementor-widget-heading\" data-id=\"07a530b\" data-element_type=\"widget\" data-widget_type=\"heading.default\">\n\t\t\t\t<div class=\"elementor-widget-container\">\n\t\t\t<h2 class=\"elementor-heading-title elementor-size-large\"><p style=\"color: rgb(34, 34, 34); font-style: normal; font-weight: 400; white-space: normal; background-color: rgb(255, 255, 255); margin-bottom: 0px; font-stretch: normal; font-size: 12px; line-height: normal; font-family: &quot;Helvetica Neue&quot;;\"><span style=\"color: rgb(51, 51, 51); font-family: Lato, sans-serif; font-size: 29px; font-weight: 700; white-space: pre-wrap; background-color: rgb(249, 249, 249);\">Vid\u00e9o de l\u2019interview be fab diffus\u00e9e sur betTV<\/span><span style=\"font-style: normal; font-size: 12px; font-weight: 400;\">&nbsp;<\/span><br><\/p><br><p style=\"color: rgb(34, 34, 34); font-style: normal; font-weight: 400; white-space: normal; background-color: rgb(255, 255, 255); margin-bottom: 0px; font-stretch: normal; font-size: 12px; line-height: normal; font-family: &quot;Helvetica Neue&quot;;\">Une interview qui parle de Pro Training Models,&nbsp;<\/p><p style=\"color: rgb(34, 34, 34); font-style: normal; font-weight: 400; white-space: normal; background-color: rgb(255, 255, 255); margin-bottom: 0px; font-stretch: normal; font-size: 12px; line-height: normal; font-family: &quot;Helvetica Neue&quot;;\">Quelques points sur la vision de Armelle NDJEE&nbsp;<\/p><p style=\"color: rgb(34, 34, 34); font-style: normal; font-weight: 400; white-space: normal; background-color: rgb(255, 255, 255); margin-bottom: 0px; font-stretch: normal; font-size: 12px; line-height: normal; font-family: &quot;Helvetica Neue&quot;;\">Des questions lui ont \u00e9t\u00e9 pos\u00e9es sur ses motivations, le pourquoi du comment et aussi sur les 5 qualit\u00e9s d\u2019un mannequin.&nbsp;<\/p><span style=\"background-color: rgb(255, 255, 255); color: rgb(34, 34, 34); font-family: &quot;Helvetica Neue&quot;; font-size: 12px; font-style: normal; font-weight: 400; white-space: normal;\">Bon visionnage<\/span><span style=\"background-color: rgb(255, 255, 255); color: rgb(34, 34, 34); font-family: &quot;Helvetica Neue&quot;; font-size: 12px; font-style: normal; font-weight: 400; white-space: normal;\">&nbsp;<\/span><\/h2>\t\t<\/div>\n\t\t\t\t<\/div>\n\t\t\t\t\t<\/div>\n\t\t<\/div>\n\t\t\t\t\t<\/div>\n\t\t<\/section>\n\t\t\t\t<section class=\"elementor-section elementor-top-section elementor-element elementor-element-5fa9048 elementor-section-boxed elementor-section-height-default elementor-section-height-default\" data-id=\"5fa9048\" data-element_type=\"section\">\n\t\t\t\t\t\t<div class=\"elementor-container elementor-column-gap-default\">\n\t\t\t\t\t<div class=\"elementor-column elementor-col-100 elementor-top-column elementor-element elementor-element-9bf8106\" data-id=\"9bf8106\" data-element_type=\"column\">\n\t\t\t<div class=\"elementor-widget-wrap elementor-element-populated\">\n\t\t\t\t\t\t\t<\/div>\n\t\t<\/div>\n\t\t\t\t\t<\/div>\n\t\t<\/section>\n\t\t\t\t<section class=\"elementor-section elementor-top-section elementor-element elementor-element-1224714 elementor-section-boxed elementor-section-height-default elementor-section-height-default\" data-id=\"1224714\" data-element_type=\"section\">\n\t\t\t\t\t\t<div class=\"elementor-container elementor-column-gap-default\">\n\t\t\t\t\t<div class=\"elementor-column elementor-col-100 elementor-top-column elementor-element elementor-element-3ca22fb\" data-id=\"3ca22fb\" data-element_type=\"column\">\n\t\t\t<div class=\"elementor-widget-wrap elementor-element-populated\">\n\t\t\t\t\t\t<section class=\"elementor-section elementor-inner-section elementor-element elementor-element-619d84a elementor-section-content-bottom elementor-section-boxed elementor-section-height-default elementor-section-height-default\" data-id=\"619d84a\" data-element_type=\"section\">\n\t\t\t\t\t\t<div class=\"elementor-container elementor-column-gap-default\">\n\t\t\t\t\t<div class=\"elementor-column elementor-col-33 elementor-inner-column elementor-element elementor-element-c6bba8a\" data-id=\"c6bba8a\" data-element_type=\"column\" data-settings=\"{&quot;background_background&quot;:&quot;classic&quot;}\">\n\t\t\t<div class=\"elementor-widget-wrap elementor-element-populated\">\n\t\t\t\t\t<div class=\"elementor-background-overlay\"><\/div>\n\t\t\t\t\t\t<div class=\"elementor-element elementor-element-b17393e elementor-view-stacked elementor-widget__width-auto elementor-shape-circle elementor-widget elementor-widget-icon\" data-id=\"b17393e\" data-element_type=\"widget\" data-widget_type=\"icon.default\">\n\t\t\t\t<div class=\"elementor-widget-container\">\n\t\t\t\t\t<div class=\"elementor-icon-wrapper\">\n\t\t\t<a class=\"elementor-icon\" href=\"#\">\n\t\t\t<i aria-hidden=\"true\" class=\"fas fa-play\"><\/i>\t\t\t<\/a>\n\t\t<\/div>\n\t\t\t\t<\/div>\n\t\t\t\t<\/div>\n\t\t\t\t<div class=\"elementor-element elementor-element-ba666f7 elementor-widget__width-initial elementor-widget elementor-widget-image-box\" data-id=\"ba666f7\" data-element_type=\"widget\" data-widget_type=\"image-box.default\">\n\t\t\t\t<div class=\"elementor-widget-container\">\n\t\t\t<div class=\"elementor-image-box-wrapper\"><div class=\"elementor-image-box-content\"><h5 class=\"elementor-image-box-title\">Stella Jones<\/h5><p class=\"elementor-image-box-description\">Model<\/p><\/div><\/div>\t\t<\/div>\n\t\t\t\t<\/div>\n\t\t\t\t\t<\/div>\n\t\t<\/div>\n\t\t\t\t<div class=\"elementor-column elementor-col-33 elementor-inner-column elementor-element elementor-element-01cf634\" data-id=\"01cf634\" data-element_type=\"column\" data-settings=\"{&quot;background_background&quot;:&quot;classic&quot;}\">\n\t\t\t<div class=\"elementor-widget-wrap elementor-element-populated\">\n\t\t\t\t\t<div class=\"elementor-background-overlay\"><\/div>\n\t\t\t\t\t\t<div class=\"elementor-element elementor-element-87bd07b elementor-view-stacked elementor-widget__width-auto elementor-shape-circle elementor-widget elementor-widget-icon\" data-id=\"87bd07b\" data-element_type=\"widget\" data-widget_type=\"icon.default\">\n\t\t\t\t<div class=\"elementor-widget-container\">\n\t\t\t\t\t<div class=\"elementor-icon-wrapper\">\n\t\t\t<a class=\"elementor-icon\" href=\"#\">\n\t\t\t<i aria-hidden=\"true\" class=\"fas fa-play\"><\/i>\t\t\t<\/a>\n\t\t<\/div>\n\t\t\t\t<\/div>\n\t\t\t\t<\/div>\n\t\t\t\t<div class=\"elementor-element elementor-element-2fc3539 elementor-widget__width-initial elementor-widget elementor-widget-image-box\" data-id=\"2fc3539\" data-element_type=\"widget\" data-widget_type=\"image-box.default\">\n\t\t\t\t<div class=\"elementor-widget-container\">\n\t\t\t<div class=\"elementor-image-box-wrapper\"><div class=\"elementor-image-box-content\"><h5 class=\"elementor-image-box-title\">Carlos Hughes<\/h5><p class=\"elementor-image-box-description\">New Face<\/p><\/div><\/div>\t\t<\/div>\n\t\t\t\t<\/div>\n\t\t\t\t\t<\/div>\n\t\t<\/div>\n\t\t\t\t<div class=\"elementor-column elementor-col-33 elementor-inner-column elementor-element elementor-element-2b94eec\" data-id=\"2b94eec\" data-element_type=\"column\" data-settings=\"{&quot;background_background&quot;:&quot;classic&quot;}\">\n\t\t\t<div class=\"elementor-widget-wrap elementor-element-populated\">\n\t\t\t\t\t<div class=\"elementor-background-overlay\"><\/div>\n\t\t\t\t\t\t<div class=\"elementor-element elementor-element-b23843f elementor-view-stacked elementor-widget__width-auto elementor-shape-circle elementor-widget elementor-widget-icon\" data-id=\"b23843f\" data-element_type=\"widget\" data-widget_type=\"icon.default\">\n\t\t\t\t<div class=\"elementor-widget-container\">\n\t\t\t\t\t<div class=\"elementor-icon-wrapper\">\n\t\t\t<a class=\"elementor-icon\" href=\"#\">\n\t\t\t<i aria-hidden=\"true\" class=\"fas fa-play\"><\/i>\t\t\t<\/a>\n\t\t<\/div>\n\t\t\t\t<\/div>\n\t\t\t\t<\/div>\n\t\t\t\t<div class=\"elementor-element elementor-element-2cd469c elementor-widget__width-initial elementor-widget elementor-widget-image-box\" data-id=\"2cd469c\" data-element_type=\"widget\" data-widget_type=\"image-box.default\">\n\t\t\t\t<div class=\"elementor-widget-container\">\n\t\t\t<div class=\"elementor-image-box-wrapper\"><div class=\"elementor-image-box-content\"><h5 class=\"elementor-image-box-title\">Chloe Newts<\/h5><p class=\"elementor-image-box-description\">Talent<\/p><\/div><\/div>\t\t<\/div>\n\t\t\t\t<\/div>\n\t\t\t\t\t<\/div>\n\t\t<\/div>\n\t\t\t\t\t<\/div>\n\t\t<\/section>\n\t\t\t\t\t<\/div>\n\t\t<\/div>\n\t\t\t\t\t<\/div>\n\t\t<\/section>\n\t\t\t\t<\/div>\n\t\t","protected":false},"excerpt":{"rendered":"<p>News LIRE TOUTE L&rsquo;ACTUALIT\u00c9 ICI Vlog La vie en vid\u00e9o est parfois plus attractive. Bravo, vous avez devin\u00e9, l&rsquo;actualit\u00e9 en vid\u00e9o se passera ici.\u00a0\u00a0 Vid\u00e9o de l\u2019interview be fab diffus\u00e9e sur betTV&nbsp; Une interview qui parle de Pro Training Models,&nbsp; Quelques points sur la vision de Armelle NDJEE&nbsp; Des questions lui ont \u00e9t\u00e9 pos\u00e9es sur [&hellip;]<\/p>\n","protected":false},"author":1,"featured_media":0,"parent":0,"menu_order":0,"comment_status":"closed","ping_status":"closed","template":"","meta":{"site-sidebar-layout":"no-sidebar","site-content-layout":"page-builder","ast-site-content-layout":"","site-content-style":"default","site-sidebar-style":"default","ast-global-header-display":"","ast-banner-title-visibility":"","ast-main-header-display":"","ast-hfb-above-header-display":"","ast-hfb-below-header-display":"","ast-hfb-mobile-header-display":"","site-post-title":"disabled","ast-breadcrumbs-content":"","ast-featured-img":"disabled","footer-sml-layout":"","theme-transparent-header-meta":"enabled","adv-header-id-meta":"","stick-header-meta":"","header-above-stick-meta":"","header-main-stick-meta":"","header-below-stick-meta":"","astra-migrate-meta-layouts":"default","ast-page-background-enabled":"default","ast-page-background-meta":{"desktop":{"background-color":"var(--ast-global-color-4)","background-image":"","background-repeat":"repeat","background-position":"center center","background-size":"auto","background-attachment":"scroll","background-type":"","background-media":"","overlay-type":"","overlay-color":"","overlay-gradient":""},"tablet":{"background-color":"","background-image":"","background-repeat":"repeat","background-position":"center center","background-size":"auto","background-attachment":"scroll","background-type":"","background-media":"","overlay-type":"","overlay-color":"","overlay-gradient":""},"mobile":{"background-color":"","background-image":"","background-repeat":"repeat","background-position":"center center","background-size":"auto","background-attachment":"scroll","background-type":"","background-media":"","overlay-type":"","overlay-color":"","overlay-gradient":""}},"ast-content-background-meta":{"desktop":{"background-color":"var(--ast-global-color-5)","background-image":"","background-repeat":"repeat","background-position":"center center","background-size":"auto","background-attachment":"scroll","background-type":"","background-media":"","overlay-type":"","overlay-color":"","overlay-gradient":""},"tablet":{"background-color":"var(--ast-global-color-5)","background-image":"","background-repeat":"repeat","background-position":"center center","background-size":"auto","background-attachment":"scroll","background-type":"","background-media":"","overlay-type":"","overlay-color":"","overlay-gradient":""},"mobile":{"background-color":"var(--ast-global-color-5)","background-image":"","background-repeat":"repeat","background-position":"center center","background-size":"auto","background-attachment":"scroll","background-type":"","background-media":"","overlay-type":"","overlay-color":"","overlay-gradient":""}},"footnotes":""},"_links":{"self":[{"href":"https:\/\/protrainingmodels.fr\/PTM\/wp-json\/wp\/v2\/pages\/2795"}],"collection":[{"href":"https:\/\/protrainingmodels.fr\/PTM\/wp-json\/wp\/v2\/pages"}],"about":[{"href":"https:\/\/protrainingmodels.fr\/PTM\/wp-json\/wp\/v2\/types\/page"}],"author":[{"embeddable":true,"href":"https:\/\/protrainingmodels.fr\/PTM\/wp-json\/wp\/v2\/users\/1"}],"replies":[{"embeddable":true,"href":"https:\/\/protrainingmodels.fr\/PTM\/wp-json\/wp\/v2\/comments?post=2795"}],"version-history":[{"count":32,"href":"https:\/\/protrainingmodels.fr\/PTM\/wp-json\/wp\/v2\/pages\/2795\/revisions"}],"predecessor-version":[{"id":4061,"href":"https:\/\/protrainingmodels.fr\/PTM\/wp-json\/wp\/v2\/pages\/2795\/revisions\/4061"}],"wp:attachment":[{"href":"https:\/\/protrainingmodels.fr\/PTM\/wp-json\/wp\/v2\/media?parent=2795"}],"curies":[{"name":"wp","href":"https:\/\/api.w.org\/{rel}","templated":true}]}}