{"id":3726,"date":"2021-12-03T05:35:06","date_gmt":"2021-12-03T05:35:06","guid":{"rendered":"https:\/\/protrainingmodels.fr\/PTM\/?page_id=3726"},"modified":"2021-12-03T07:54:09","modified_gmt":"2021-12-03T07:54:09","slug":"talents-2","status":"publish","type":"page","link":"https:\/\/protrainingmodels.fr\/PTM\/talents-2\/","title":{"rendered":"Talents"},"content":{"rendered":"\t\t<div data-elementor-type=\"wp-page\" data-elementor-id=\"3726\" class=\"elementor elementor-3726\">\n\t\t\t\t\t\t<section class=\"elementor-section elementor-top-section elementor-element elementor-element-3414754 elementor-section-boxed elementor-section-height-default elementor-section-height-default\" data-id=\"3414754\" data-element_type=\"section\">\n\t\t\t\t\t\t<div class=\"elementor-container elementor-column-gap-default\">\n\t\t\t\t\t<div class=\"elementor-column elementor-col-100 elementor-top-column elementor-element elementor-element-e33f363\" data-id=\"e33f363\" data-element_type=\"column\">\n\t\t\t<div class=\"elementor-widget-wrap elementor-element-populated\">\n\t\t\t\t\t\t<div class=\"elementor-element elementor-element-24702be elementor-widget elementor-widget-heading\" data-id=\"24702be\" data-element_type=\"widget\" data-widget_type=\"heading.default\">\n\t\t\t\t<div class=\"elementor-widget-container\">\n\t\t\t<h2 class=\"elementor-heading-title elementor-size-default\">Talents<\/h2>\t\t<\/div>\n\t\t\t\t<\/div>\n\t\t\t\t<div class=\"elementor-element elementor-element-69dfe95 elementor-widget elementor-widget-text-editor\" data-id=\"69dfe95\" data-element_type=\"widget\" data-widget_type=\"text-editor.default\">\n\t\t\t\t<div class=\"elementor-widget-container\">\n\t\t\t\t\t\t\t<p><span style=\"font-size: 15px; font-style: normal; font-weight: 400;\">Pouvoir repr\u00e9senter les talents qui ont plus ou moins une bonne visibilit\u00e9.<\/span><br style=\"box-sizing: inherit;\" \/><span style=\"font-size: 15px; font-style: normal; font-weight: 400;\">Multiplier leurs chances de booking car ils ont quelque chose \u00e0 apporter \u00e0 la soci\u00e9t\u00e9.<\/span><\/p>\t\t\t\t\t\t<\/div>\n\t\t\t\t<\/div>\n\t\t\t\t\t<\/div>\n\t\t<\/div>\n\t\t\t\t\t<\/div>\n\t\t<\/section>\n\t\t\t\t<section class=\"elementor-section elementor-top-section elementor-element elementor-element-2f4890c elementor-section-boxed elementor-section-height-default elementor-section-height-default\" data-id=\"2f4890c\" data-element_type=\"section\">\n\t\t\t\t\t\t<div class=\"elementor-container elementor-column-gap-default\">\n\t\t\t\t\t<div class=\"elementor-column elementor-col-25 elementor-top-column elementor-element elementor-element-fb695d7\" data-id=\"fb695d7\" data-element_type=\"column\">\n\t\t\t<div class=\"elementor-widget-wrap elementor-element-populated\">\n\t\t\t\t\t\t<div class=\"elementor-element elementor-element-fb387db elementor-widget elementor-widget-image\" data-id=\"fb387db\" data-element_type=\"widget\" data-widget_type=\"image.default\">\n\t\t\t\t<div class=\"elementor-widget-container\">\n\t\t\t\t\t\t\t\t\t\t\t\t\t\t<a href=\"https:\/\/protrainingmodels.fr\/PTM\/chimel\/\">\n\t\t\t\t\t\t\t<img fetchpriority=\"high\" decoding=\"async\" width=\"1024\" height=\"1024\" src=\"https:\/\/protrainingmodels.fr\/PTM\/wp-content\/uploads\/2020\/11\/Talent-Pro-training-models-06-1024x1024.jpg\" class=\"elementor-animation-pulse attachment-large size-large wp-image-2232\" alt=\"\" srcset=\"https:\/\/protrainingmodels.fr\/PTM\/wp-content\/uploads\/2020\/11\/Talent-Pro-training-models-06-1024x1024.jpg 1024w, https:\/\/protrainingmodels.fr\/PTM\/wp-content\/uploads\/2020\/11\/Talent-Pro-training-models-06-300x300.jpg 300w, https:\/\/protrainingmodels.fr\/PTM\/wp-content\/uploads\/2020\/11\/Talent-Pro-training-models-06-150x150.jpg 150w, https:\/\/protrainingmodels.fr\/PTM\/wp-content\/uploads\/2020\/11\/Talent-Pro-training-models-06-768x768.jpg 768w, https:\/\/protrainingmodels.fr\/PTM\/wp-content\/uploads\/2020\/11\/Talent-Pro-training-models-06-600x600.jpg 600w, https:\/\/protrainingmodels.fr\/PTM\/wp-content\/uploads\/2020\/11\/Talent-Pro-training-models-06-100x100.jpg 100w, https:\/\/protrainingmodels.fr\/PTM\/wp-content\/uploads\/2020\/11\/Talent-Pro-training-models-06.jpg 1500w\" sizes=\"(max-width: 1024px) 100vw, 1024px\" \/>\t\t\t\t\t\t\t\t<\/a>\n\t\t\t\t\t\t\t\t\t\t\t\t\t<\/div>\n\t\t\t\t<\/div>\n\t\t\t\t<div class=\"elementor-element elementor-element-f55b782 elementor-widget elementor-widget-heading\" data-id=\"f55b782\" data-element_type=\"widget\" data-widget_type=\"heading.default\">\n\t\t\t\t<div class=\"elementor-widget-container\">\n\t\t\t<h5 class=\"elementor-heading-title elementor-size-default\"><a href=\"https:\/\/protrainingmodels.fr\/PTM\/chimel\/\">Chimel<\/a><\/h5>\t\t<\/div>\n\t\t\t\t<\/div>\n\t\t\t\t<div class=\"elementor-element elementor-element-62b25f1 elementor-widget elementor-widget-text-editor\" data-id=\"62b25f1\" data-element_type=\"widget\" data-widget_type=\"text-editor.default\">\n\t\t\t\t<div class=\"elementor-widget-container\">\n\t\t\t\t\t\t\t<p>Danseuse, Mannequin.<\/p>\t\t\t\t\t\t<\/div>\n\t\t\t\t<\/div>\n\t\t\t\t\t<\/div>\n\t\t<\/div>\n\t\t\t\t<div class=\"elementor-column elementor-col-25 elementor-top-column elementor-element elementor-element-44b49b2\" data-id=\"44b49b2\" data-element_type=\"column\">\n\t\t\t<div class=\"elementor-widget-wrap elementor-element-populated\">\n\t\t\t\t\t\t<div class=\"elementor-element elementor-element-2ffb4e7 elementor-widget elementor-widget-image\" data-id=\"2ffb4e7\" data-element_type=\"widget\" data-widget_type=\"image.default\">\n\t\t\t\t<div class=\"elementor-widget-container\">\n\t\t\t\t\t\t\t\t\t\t\t\t\t\t<a href=\"https:\/\/protrainingmodels.fr\/PTM\/melanie\/\">\n\t\t\t\t\t\t\t<img decoding=\"async\" width=\"1024\" height=\"1024\" src=\"https:\/\/protrainingmodels.fr\/PTM\/wp-content\/uploads\/2020\/11\/Talent-Pro-training-models-8-1024x1024.jpg\" class=\"elementor-animation-pulse attachment-large size-large wp-image-2236\" alt=\"\" srcset=\"https:\/\/protrainingmodels.fr\/PTM\/wp-content\/uploads\/2020\/11\/Talent-Pro-training-models-8-1024x1024.jpg 1024w, https:\/\/protrainingmodels.fr\/PTM\/wp-content\/uploads\/2020\/11\/Talent-Pro-training-models-8-300x300.jpg 300w, https:\/\/protrainingmodels.fr\/PTM\/wp-content\/uploads\/2020\/11\/Talent-Pro-training-models-8-150x150.jpg 150w, https:\/\/protrainingmodels.fr\/PTM\/wp-content\/uploads\/2020\/11\/Talent-Pro-training-models-8-768x768.jpg 768w, https:\/\/protrainingmodels.fr\/PTM\/wp-content\/uploads\/2020\/11\/Talent-Pro-training-models-8-600x600.jpg 600w, https:\/\/protrainingmodels.fr\/PTM\/wp-content\/uploads\/2020\/11\/Talent-Pro-training-models-8-100x100.jpg 100w, https:\/\/protrainingmodels.fr\/PTM\/wp-content\/uploads\/2020\/11\/Talent-Pro-training-models-8.jpg 1500w\" sizes=\"(max-width: 1024px) 100vw, 1024px\" \/>\t\t\t\t\t\t\t\t<\/a>\n\t\t\t\t\t\t\t\t\t\t\t\t\t<\/div>\n\t\t\t\t<\/div>\n\t\t\t\t<div class=\"elementor-element elementor-element-81dba23 elementor-widget elementor-widget-heading\" data-id=\"81dba23\" data-element_type=\"widget\" data-widget_type=\"heading.default\">\n\t\t\t\t<div class=\"elementor-widget-container\">\n\t\t\t<h5 class=\"elementor-heading-title elementor-size-default\"><a href=\"https:\/\/protrainingmodels.fr\/PTM\/melanie\/\">M\u00e9lanie<\/a><\/h5>\t\t<\/div>\n\t\t\t\t<\/div>\n\t\t\t\t<div class=\"elementor-element elementor-element-33d2f2a elementor-widget elementor-widget-text-editor\" data-id=\"33d2f2a\" data-element_type=\"widget\" data-widget_type=\"text-editor.default\">\n\t\t\t\t<div class=\"elementor-widget-container\">\n\t\t\t\t\t\t\t<p>Danseuse<\/p>\t\t\t\t\t\t<\/div>\n\t\t\t\t<\/div>\n\t\t\t\t\t<\/div>\n\t\t<\/div>\n\t\t\t\t<div class=\"elementor-column elementor-col-25 elementor-top-column elementor-element elementor-element-f09a589\" data-id=\"f09a589\" data-element_type=\"column\">\n\t\t\t<div class=\"elementor-widget-wrap elementor-element-populated\">\n\t\t\t\t\t\t<div class=\"elementor-element elementor-element-ba6004d elementor-widget elementor-widget-image\" data-id=\"ba6004d\" data-element_type=\"widget\" data-widget_type=\"image.default\">\n\t\t\t\t<div class=\"elementor-widget-container\">\n\t\t\t\t\t\t\t\t\t\t\t\t\t\t<a href=\"https:\/\/protrainingmodels.fr\/PTM\/name\/\">\n\t\t\t\t\t\t\t<img decoding=\"async\" width=\"1024\" height=\"1024\" src=\"https:\/\/protrainingmodels.fr\/PTM\/wp-content\/uploads\/2020\/11\/Talent-Pro-training-models-2-1024x1024.jpg\" class=\"elementor-animation-pulse attachment-large size-large wp-image-2225\" alt=\"\" srcset=\"https:\/\/protrainingmodels.fr\/PTM\/wp-content\/uploads\/2020\/11\/Talent-Pro-training-models-2-1024x1024.jpg 1024w, https:\/\/protrainingmodels.fr\/PTM\/wp-content\/uploads\/2020\/11\/Talent-Pro-training-models-2-300x300.jpg 300w, https:\/\/protrainingmodels.fr\/PTM\/wp-content\/uploads\/2020\/11\/Talent-Pro-training-models-2-150x150.jpg 150w, https:\/\/protrainingmodels.fr\/PTM\/wp-content\/uploads\/2020\/11\/Talent-Pro-training-models-2-768x768.jpg 768w, https:\/\/protrainingmodels.fr\/PTM\/wp-content\/uploads\/2020\/11\/Talent-Pro-training-models-2-600x600.jpg 600w, https:\/\/protrainingmodels.fr\/PTM\/wp-content\/uploads\/2020\/11\/Talent-Pro-training-models-2-100x100.jpg 100w, https:\/\/protrainingmodels.fr\/PTM\/wp-content\/uploads\/2020\/11\/Talent-Pro-training-models-2.jpg 1500w\" sizes=\"(max-width: 1024px) 100vw, 1024px\" \/>\t\t\t\t\t\t\t\t<\/a>\n\t\t\t\t\t\t\t\t\t\t\t\t\t<\/div>\n\t\t\t\t<\/div>\n\t\t\t\t<div class=\"elementor-element elementor-element-5acff45 elementor-widget elementor-widget-heading\" data-id=\"5acff45\" data-element_type=\"widget\" data-widget_type=\"heading.default\">\n\t\t\t\t<div class=\"elementor-widget-container\">\n\t\t\t<h5 class=\"elementor-heading-title elementor-size-default\"><a href=\"https:\/\/protrainingmodels.fr\/PTM\/name\/\">Name<\/a><\/h5>\t\t<\/div>\n\t\t\t\t<\/div>\n\t\t\t\t<div class=\"elementor-element elementor-element-ce15033 elementor-widget elementor-widget-text-editor\" data-id=\"ce15033\" data-element_type=\"widget\" data-widget_type=\"text-editor.default\">\n\t\t\t\t<div class=\"elementor-widget-container\">\n\t\t\t\t\t\t\t<p>Danseur, influenceur<\/p>\t\t\t\t\t\t<\/div>\n\t\t\t\t<\/div>\n\t\t\t\t\t<\/div>\n\t\t<\/div>\n\t\t\t\t<div class=\"elementor-column elementor-col-25 elementor-top-column elementor-element elementor-element-ab01ca3\" data-id=\"ab01ca3\" data-element_type=\"column\">\n\t\t\t<div class=\"elementor-widget-wrap elementor-element-populated\">\n\t\t\t\t\t\t<div class=\"elementor-element elementor-element-8fb9603 elementor-widget elementor-widget-image\" data-id=\"8fb9603\" data-element_type=\"widget\" data-widget_type=\"image.default\">\n\t\t\t\t<div class=\"elementor-widget-container\">\n\t\t\t\t\t\t\t\t\t\t\t\t\t\t<a href=\"https:\/\/protrainingmodels.fr\/PTM\/talent1\/\">\n\t\t\t\t\t\t\t<img loading=\"lazy\" decoding=\"async\" width=\"1024\" height=\"1024\" src=\"https:\/\/protrainingmodels.fr\/PTM\/wp-content\/uploads\/2020\/11\/Talent-Pro-training-models-04-1024x1024.jpg\" class=\"elementor-animation-pulse attachment-large size-large wp-image-2228\" alt=\"\" srcset=\"https:\/\/protrainingmodels.fr\/PTM\/wp-content\/uploads\/2020\/11\/Talent-Pro-training-models-04-1024x1024.jpg 1024w, https:\/\/protrainingmodels.fr\/PTM\/wp-content\/uploads\/2020\/11\/Talent-Pro-training-models-04-300x300.jpg 300w, https:\/\/protrainingmodels.fr\/PTM\/wp-content\/uploads\/2020\/11\/Talent-Pro-training-models-04-150x150.jpg 150w, https:\/\/protrainingmodels.fr\/PTM\/wp-content\/uploads\/2020\/11\/Talent-Pro-training-models-04-768x768.jpg 768w, https:\/\/protrainingmodels.fr\/PTM\/wp-content\/uploads\/2020\/11\/Talent-Pro-training-models-04-600x600.jpg 600w, https:\/\/protrainingmodels.fr\/PTM\/wp-content\/uploads\/2020\/11\/Talent-Pro-training-models-04-100x100.jpg 100w, https:\/\/protrainingmodels.fr\/PTM\/wp-content\/uploads\/2020\/11\/Talent-Pro-training-models-04.jpg 1500w\" sizes=\"(max-width: 1024px) 100vw, 1024px\" \/>\t\t\t\t\t\t\t\t<\/a>\n\t\t\t\t\t\t\t\t\t\t\t\t\t<\/div>\n\t\t\t\t<\/div>\n\t\t\t\t<div class=\"elementor-element elementor-element-4f965d2 elementor-widget elementor-widget-heading\" data-id=\"4f965d2\" data-element_type=\"widget\" data-widget_type=\"heading.default\">\n\t\t\t\t<div class=\"elementor-widget-container\">\n\t\t\t<h5 class=\"elementor-heading-title elementor-size-default\"><a href=\"https:\/\/protrainingmodels.fr\/PTM\/talent1\/\">Talent<\/a><\/h5>\t\t<\/div>\n\t\t\t\t<\/div>\n\t\t\t\t<div class=\"elementor-element elementor-element-cee70e6 elementor-widget elementor-widget-text-editor\" data-id=\"cee70e6\" data-element_type=\"widget\" data-widget_type=\"text-editor.default\">\n\t\t\t\t<div class=\"elementor-widget-container\">\n\t\t\t\t\t\t\t<p>Talent<\/p>\t\t\t\t\t\t<\/div>\n\t\t\t\t<\/div>\n\t\t\t\t\t<\/div>\n\t\t<\/div>\n\t\t\t\t\t<\/div>\n\t\t<\/section>\n\t\t\t\t<section class=\"elementor-section elementor-top-section elementor-element elementor-element-ead3056 elementor-section-boxed elementor-section-height-default elementor-section-height-default\" data-id=\"ead3056\" data-element_type=\"section\">\n\t\t\t\t\t\t<div class=\"elementor-container elementor-column-gap-default\">\n\t\t\t\t\t<div class=\"elementor-column elementor-col-25 elementor-top-column elementor-element elementor-element-f600456\" data-id=\"f600456\" data-element_type=\"column\">\n\t\t\t<div class=\"elementor-widget-wrap elementor-element-populated\">\n\t\t\t\t\t\t<div class=\"elementor-element elementor-element-6e5b66b elementor-widget elementor-widget-image\" data-id=\"6e5b66b\" data-element_type=\"widget\" data-widget_type=\"image.default\">\n\t\t\t\t<div class=\"elementor-widget-container\">\n\t\t\t\t\t\t\t\t\t\t\t\t\t\t<a href=\"https:\/\/protrainingmodels.fr\/PTM\/talent2\/\">\n\t\t\t\t\t\t\t<img loading=\"lazy\" decoding=\"async\" width=\"1024\" height=\"1024\" src=\"https:\/\/protrainingmodels.fr\/PTM\/wp-content\/uploads\/2020\/11\/Talent-Pro-training-models-7-1024x1024.jpg\" class=\"elementor-animation-pulse attachment-large size-large wp-image-2235\" alt=\"\" srcset=\"https:\/\/protrainingmodels.fr\/PTM\/wp-content\/uploads\/2020\/11\/Talent-Pro-training-models-7-1024x1024.jpg 1024w, https:\/\/protrainingmodels.fr\/PTM\/wp-content\/uploads\/2020\/11\/Talent-Pro-training-models-7-300x300.jpg 300w, https:\/\/protrainingmodels.fr\/PTM\/wp-content\/uploads\/2020\/11\/Talent-Pro-training-models-7-150x150.jpg 150w, https:\/\/protrainingmodels.fr\/PTM\/wp-content\/uploads\/2020\/11\/Talent-Pro-training-models-7-768x768.jpg 768w, https:\/\/protrainingmodels.fr\/PTM\/wp-content\/uploads\/2020\/11\/Talent-Pro-training-models-7-600x600.jpg 600w, https:\/\/protrainingmodels.fr\/PTM\/wp-content\/uploads\/2020\/11\/Talent-Pro-training-models-7-100x100.jpg 100w, https:\/\/protrainingmodels.fr\/PTM\/wp-content\/uploads\/2020\/11\/Talent-Pro-training-models-7.jpg 1500w\" sizes=\"(max-width: 1024px) 100vw, 1024px\" \/>\t\t\t\t\t\t\t\t<\/a>\n\t\t\t\t\t\t\t\t\t\t\t\t\t<\/div>\n\t\t\t\t<\/div>\n\t\t\t\t<div class=\"elementor-element elementor-element-0923683 elementor-widget elementor-widget-heading\" data-id=\"0923683\" data-element_type=\"widget\" data-widget_type=\"heading.default\">\n\t\t\t\t<div class=\"elementor-widget-container\">\n\t\t\t<h5 class=\"elementor-heading-title elementor-size-default\"><a href=\"https:\/\/protrainingmodels.fr\/PTM\/talent2\/\">Talent<\/a><\/h5>\t\t<\/div>\n\t\t\t\t<\/div>\n\t\t\t\t<div class=\"elementor-element elementor-element-a7cdaf4 elementor-widget elementor-widget-text-editor\" data-id=\"a7cdaf4\" data-element_type=\"widget\" data-widget_type=\"text-editor.default\">\n\t\t\t\t<div class=\"elementor-widget-container\">\n\t\t\t\t\t\t\t<p>Talent<\/p>\t\t\t\t\t\t<\/div>\n\t\t\t\t<\/div>\n\t\t\t\t\t<\/div>\n\t\t<\/div>\n\t\t\t\t<div class=\"elementor-column elementor-col-25 elementor-top-column elementor-element elementor-element-2638007\" data-id=\"2638007\" data-element_type=\"column\">\n\t\t\t<div class=\"elementor-widget-wrap\">\n\t\t\t\t\t\t\t<\/div>\n\t\t<\/div>\n\t\t\t\t<div class=\"elementor-column elementor-col-25 elementor-top-column elementor-element elementor-element-cbcf0a3\" data-id=\"cbcf0a3\" data-element_type=\"column\">\n\t\t\t<div class=\"elementor-widget-wrap\">\n\t\t\t\t\t\t\t<\/div>\n\t\t<\/div>\n\t\t\t\t<div class=\"elementor-column elementor-col-25 elementor-top-column elementor-element elementor-element-eff9d60\" data-id=\"eff9d60\" data-element_type=\"column\">\n\t\t\t<div class=\"elementor-widget-wrap\">\n\t\t\t\t\t\t\t<\/div>\n\t\t<\/div>\n\t\t\t\t\t<\/div>\n\t\t<\/section>\n\t\t\t\t<\/div>\n\t\t","protected":false},"excerpt":{"rendered":"<p>Talents Pouvoir repr\u00e9senter les talents qui ont plus ou moins une bonne visibilit\u00e9.Multiplier leurs chances de booking car ils ont quelque chose \u00e0 apporter \u00e0 la soci\u00e9t\u00e9. Chimel Danseuse, Mannequin. M\u00e9lanie Danseuse Name Danseur, influenceur Talent Talent Talent Talent<\/p>\n","protected":false},"author":1,"featured_media":0,"parent":0,"menu_order":0,"comment_status":"closed","ping_status":"closed","template":"","meta":{"site-sidebar-layout":"no-sidebar","site-content-layout":"page-builder","ast-site-content-layout":"","site-content-style":"default","site-sidebar-style":"default","ast-global-header-display":"","ast-banner-title-visibility":"","ast-main-header-display":"","ast-hfb-above-header-display":"","ast-hfb-below-header-display":"","ast-hfb-mobile-header-display":"","site-post-title":"disabled","ast-breadcrumbs-content":"","ast-featured-img":"disabled","footer-sml-layout":"","theme-transparent-header-meta":"default","adv-header-id-meta":"","stick-header-meta":"","header-above-stick-meta":"","header-main-stick-meta":"","header-below-stick-meta":"","astra-migrate-meta-layouts":"default","ast-page-background-enabled":"default","ast-page-background-meta":{"desktop":{"background-color":"var(--ast-global-color-4)","background-image":"","background-repeat":"repeat","background-position":"center center","background-size":"auto","background-attachment":"scroll","background-type":"","background-media":"","overlay-type":"","overlay-color":"","overlay-gradient":""},"tablet":{"background-color":"","background-image":"","background-repeat":"repeat","background-position":"center center","background-size":"auto","background-attachment":"scroll","background-type":"","background-media":"","overlay-type":"","overlay-color":"","overlay-gradient":""},"mobile":{"background-color":"","background-image":"","background-repeat":"repeat","background-position":"center center","background-size":"auto","background-attachment":"scroll","background-type":"","background-media":"","overlay-type":"","overlay-color":"","overlay-gradient":""}},"ast-content-background-meta":{"desktop":{"background-color":"var(--ast-global-color-5)","background-image":"","background-repeat":"repeat","background-position":"center center","background-size":"auto","background-attachment":"scroll","background-type":"","background-media":"","overlay-type":"","overlay-color":"","overlay-gradient":""},"tablet":{"background-color":"var(--ast-global-color-5)","background-image":"","background-repeat":"repeat","background-position":"center center","background-size":"auto","background-attachment":"scroll","background-type":"","background-media":"","overlay-type":"","overlay-color":"","overlay-gradient":""},"mobile":{"background-color":"var(--ast-global-color-5)","background-image":"","background-repeat":"repeat","background-position":"center center","background-size":"auto","background-attachment":"scroll","background-type":"","background-media":"","overlay-type":"","overlay-color":"","overlay-gradient":""}},"footnotes":""},"_links":{"self":[{"href":"https:\/\/protrainingmodels.fr\/PTM\/wp-json\/wp\/v2\/pages\/3726"}],"collection":[{"href":"https:\/\/protrainingmodels.fr\/PTM\/wp-json\/wp\/v2\/pages"}],"about":[{"href":"https:\/\/protrainingmodels.fr\/PTM\/wp-json\/wp\/v2\/types\/page"}],"author":[{"embeddable":true,"href":"https:\/\/protrainingmodels.fr\/PTM\/wp-json\/wp\/v2\/users\/1"}],"replies":[{"embeddable":true,"href":"https:\/\/protrainingmodels.fr\/PTM\/wp-json\/wp\/v2\/comments?post=3726"}],"version-history":[{"count":28,"href":"https:\/\/protrainingmodels.fr\/PTM\/wp-json\/wp\/v2\/pages\/3726\/revisions"}],"predecessor-version":[{"id":3897,"href":"https:\/\/protrainingmodels.fr\/PTM\/wp-json\/wp\/v2\/pages\/3726\/revisions\/3897"}],"wp:attachment":[{"href":"https:\/\/protrainingmodels.fr\/PTM\/wp-json\/wp\/v2\/media?parent=3726"}],"curies":[{"name":"wp","href":"https:\/\/api.w.org\/{rel}","templated":true}]}}